{"id":31,"date":"2010-03-09T20:43:13","date_gmt":"2010-03-09T19:43:13","guid":{"rendered":"http:\/\/www.haztartas-ma.hu\/?page_id=31"},"modified":"2024-02-16T06:39:08","modified_gmt":"2024-02-16T05:39:08","slug":"rolam","status":"publish","type":"page","link":"https:\/\/www.haztartas-ma.hu\/index.php\/rolam\/","title":{"rendered":"R\u00f3lam"},"content":{"rendered":"<p><img loading=\"lazy\" decoding=\"async\" class=\"size-thumbnail wp-image-36765 alignleft\" src=\"https:\/\/www.haztartas-ma.hu\/wp-content\/uploads\/2024\/02\/zsuzsa-150x150.jpg\" alt=\"\" width=\"150\" height=\"150\" srcset=\"https:\/\/www.haztartas-ma.hu\/wp-content\/uploads\/2024\/02\/zsuzsa-150x150.jpg 150w, https:\/\/www.haztartas-ma.hu\/wp-content\/uploads\/2024\/02\/zsuzsa-300x300.jpg 300w, https:\/\/www.haztartas-ma.hu\/wp-content\/uploads\/2024\/02\/zsuzsa.jpg 330w\" sizes=\"(max-width: 150px) 100vw, 150px\" \/><\/p>\n<p>&nbsp;<\/p>\n<p>&nbsp;<\/p>\n<p>&nbsp;<\/p>\n<p>&nbsp;<\/p>\n<p>&nbsp;<\/p>\n<p>Pap Zsuzsa vagyok, az oldal tulajdonosa \u00e9s \u00fczemeltet\u0151je.<\/p>\n<p style=\"text-align: justify;\">Iskolai v\u00e9gzetts\u00e9gem: okleveles vegy\u00e9szm\u00e9rn\u00f6k. Oklevelemet a Budapesti M\u0171szaki- \u00e9s Gazdas\u00e1gtudom\u00e1nyi Egyetemen szereztem. Hossz\u00fa ideig dolgoztam ezen a ter\u00fcleten. Amikor itt, Magyarorsz\u00e1gon az ipar le\u00e9p\u00fclt, m\u00e1s lehet\u0151s\u00e9geket kerestem. \u00c9vekig foglalkoztam term\u00e9kek \u00e9s szolg\u00e1ltat\u00e1sok \u00e9rt\u00e9kes\u00edt\u00e9s\u00e9vel \u00e9s ez alatt az id\u0151 alatt folyamatosan tov\u00e1bb\u00a0 k\u00e9peztem magam m\u00e1s ter\u00fcleteken is. Tov\u00e1bb nem untatlak itt a szakmai m\u00faltammal, hiszen ebben a t\u00e9m\u00e1ban ennek alig van jelent\u0151s\u00e9ge, csak azt emelem ki a t\u00f6rt\u00e9netemb\u0151l, ami valamilyen \u00f6sszef\u00fcgg\u00e9sben van a h\u00e1ztart\u00e1s vezet\u00e9s\u00e9vel: a gyermekkori \u00e9s feln\u0151ttkori tapasztalataimat \u00e9s t\u00f6bb \u00e9vtizedes gyakorlatomat.<\/p>\n<h3 style=\"text-align: justify;\">Gyermekkori tapasztalataim<\/h3>\n<p style=\"text-align: justify;\">Fontos momentumnak tartom, hogy ap\u00e1m \u00a0\u00fagy \u00f6t \u00e9ves korom t\u00e1j\u00e1n &#8211; m\u00e1r\u00a0az els\u0151 zsebp\u00e9nzemmel\u00a0elsz\u00e1moltatott (egy kis f\u00fczetben kellett nyilv\u00e1ntart\u00e1st vezetnem: bev\u00e9tel, kiad\u00e1s \u00e9s egyenleg rovatokban).Ez seg\u00edtett abban, hogy megtanuljak p\u00e9nzzel \u00e9s m\u00e1s dolgokkal is\u00a0gazd\u00e1lkodni.<\/p>\n<h3>\u00c1ltal\u00e1nos- \u00e9s k\u00f6z\u00e9piskolai \u00e9veimben<\/h3>\n<p style=\"text-align: justify;\">Faluban nevelkedtem. T\u00edz \u00e9s tizennyolc \u00e9ves korom k\u00f6z\u00f6tt (mint a falusi gyerekek nagy r\u00e9sze), eg\u00e9szen addig, m\u00edg dolgozni kezdtem, minden ny\u00e1ron kerestem p\u00e9nzt a mez\u0151gazdas\u00e1gban. \u00a0Egyik-m\u00e1sik munka el\u00e9g neh\u00e9z volt (\u00e1ltal\u00e1ban napi t\u00edz \u00f3ra), ez\u00e9rt kor\u00e1n megtanultam becs\u00fclni a p\u00e9nz \u00e9rt\u00e9k\u00e9t. A h\u00e1ztart\u00e1s munk\u00e1i k\u00f6z\u00fcl saj\u00e1t ruh\u00e1im mos\u00e1sa \u00e9s vasal\u00e1sa, valamint a takar\u00edt\u00e1s tartozott a feladataim k\u00f6z\u00e9.<\/p>\n<h3>Fiatal feln\u0151tt koromban<\/h3>\n<p style=\"text-align: justify;\">H\u00fasz \u00e9s huszonh\u00e9t \u00e9ves korom k\u00f6z\u00f6tt a h\u00e1ztart\u00e1s m\u00e9g egy\u00e1ltal\u00e1n nem \u00e9rdekelt. Egyed\u00fcl \u00e9lve gondoskodtam magamr\u00f3l (k\u00f6zben kezdtem egyetemre j\u00e1rni \u2013 esti tagozaton) \u00e9s megtanultam, hogyan lehet egy adott<span style=\"color: #4682b4;\">\u00a0<\/span>\u2013 nem t\u00fal magas \u2013 \u00f6sszegb\u0151l meg\u00e9lni, de a h\u00e1zimunk\u00e1kban alig volt j\u00e1rtass\u00e1gom. Mosni &#8211; vasalni, takar\u00edtani tudtam ugyan, de f\u0151zni bizony nem &#8211; nem is volt r\u00e1 sz\u00fcks\u00e9gem.<\/p>\n<h3>Akkor &#8211; mi\u00e9rt t\u0151lem tanulj?<\/h3>\n<p style=\"text-align: justify;\">T\u00f6bb \u00e9vtizede \u00e9lek ugyanabban a h\u00e1zass\u00e1gban\u00a0 \u00e9s ugyanennyi ideje gyakorlom a h\u00e1ztart\u00e1s vezet\u00e9s\u00e9t. Err\u0151l ugyan nincs oklevelem, de van n\u00e9gy \u00e9vtizedes tapasztalatom k\u00fcl\u00f6nb\u00f6z\u0151 kor\u00fa gyermekekkel, akik most m\u00e1r feln\u0151ttek \u00e9s \u00f6n\u00e1ll\u00f3 \u00e9letet \u00e9lnek. Ebben az id\u0151ben megtanultam f\u0151zni \u00e9s nagyon megszerettem, mert igazi kreat\u00edv tev\u00e9kenys\u00e9gnek tartom. Akik ettek n\u00e1lam, azt mondj\u00e1k, j\u00f3l\u00a0 is f\u0151z\u00f6k.<\/p>\n<h3 style=\"text-align: justify;\">Mi van most?<\/h3>\n<p style=\"text-align: justify;\">Ez az oldal kezdetben \u00fagy indult, hogy a h\u00e1ztart\u00e1s minden ter\u00fclet\u00e9vel foglalkoztam. Ez\u00e9rt tal\u00e1lsz az oldalamon olyan cikkeket (h\u00e1ztart\u00e1si tippek, gazd\u00e1lkod\u00e1s), amelyek nem\u00a0 a f\u0151z\u00e9ssel foglalkoznak. Ez\u00e9rt kapta az oldal a H\u00e1ztart\u00e1s Ma (\u00e9rtsd alatta: napjainkban) nevet. K\u00e9s\u0151bb bel\u00e1ttam, hogy ez t\u00fal nagy falat, ez\u00e9rt maradt csak a gasztron\u00f3mia. Ma m\u00e1r t\u00f6bbnyire ilyen t\u00e9m\u00e1j\u00fa cikkeket \u00e9s recepteket \u00edrok. Ha a h\u00e1ztart\u00e1snak m\u00e1s ter\u00fcletei is \u00e9rdekelnek, n\u00e9zz k\u00f6r\u00fcl a fent eml\u00edtett men\u00fc pontok alatt is.<\/p>\n<p>A munk\u00e1mat csak l\u00e1tsz\u00f3lag v\u00e9gzem egyed\u00fcl. A weblapk\u00e9sz\u00edt\u00e9sben \u00e9s a kapcsolatos ismeretek megszerz\u00e9s\u00e9ben a kezdetek \u00f3ta Bikfalvi Moni seg\u00edti a munk\u00e1mat. Az informatik\u00e1ban \u00e9s a hardver karbantart\u00e1s\u00e1ban szint\u00e9n a kezdetekt\u0151l Holi Csaba az \u00e1lland\u00f3 seg\u00edts\u00e9gem. Ez a szakma \u00e1lland\u00f3 tov\u00e1bbk\u00e9pz\u00e9st k\u00edv\u00e1n. Ezen a t\u00e9ren legt\u00f6bbet Szil\u00e1gyi Bal\u00e1zst\u00f3l tanultam. Nem utols\u00f3sorban, de meg kell eml\u00edtenem a h\u00e1tteremet: f\u00e9rjemet \u00e9s gyermekeimet, akik folyamatos seg\u00edts\u00e9get ny\u00fajtanak fizikai \u00e9s szellemi szinten egyar\u00e1nt.<\/p>\n<p>&nbsp;<\/p>\n<h3>Tov\u00e1bbi inform\u00e1ci\u00f3k<\/h3>\n<p>2014 \u0151sz\u00e9n szolg\u00e1ltat\u00e1saim tov\u00e1bb b\u0151v\u00fcltek a F\u0151zz K\u00f6nnyen Web\u00e1ruh\u00e1z (www.fozzkonnyen.hu k\u00edn\u00e1lat\u00e1val, amelyben min\u0151s\u00e9gi konyhai eszk\u00f6z\u00f6ket tal\u00e1lsz megfizethet\u0151 \u00e1ron:<\/p>\n<p><a href=\"https:\/\/www.haztartas-ma.hu\/wp-content\/uploads\/2010\/03\/fozz-konnyen.bmp\"><img loading=\"lazy\" decoding=\"async\" class=\"aligncenter size-full wp-image-9929\" src=\"https:\/\/www.haztartas-ma.hu\/wp-content\/uploads\/2010\/03\/fozz-konnyen.bmp\" alt=\"fozz-konnyen\" width=\"380\" height=\"257\" srcset=\"https:\/\/www.haztartas-ma.hu\/wp-content\/uploads\/2010\/03\/fozz-konnyen.bmp 380w, https:\/\/www.haztartas-ma.hu\/wp-content\/uploads\/2010\/03\/fozz-konnyen-300x203.bmp 300w\" sizes=\"(max-width: 380px) 100vw, 380px\" \/><\/a><\/p>\n<p>Most, 10 eltelt \u00e9v ut\u00e1n &#8211; a jelenlegi viszonyokat figyelembev\u00e9ve &#8211; hamarosan meg\u00fajul. Amennyiben \u00e9rdekelnek a konyhai eszk\u00f6z\u00f6k, l\u00e1togass el ide is:<\/p>\n<p><a href=\"https:\/\/fozzkonnyen.hu\/shop\/\">fozzkonnyen.hu<\/a><\/p>\n<p>2021. m\u00e1rcius\u00e1ban ind\u00edtottam el tanfolyamaimat tartalmaz\u00f3 honlapomat a f\u0151z\u00e9s, bef\u0151z\u00e9s, \u00e9tkez\u00e9s \u00e9s egy\u00e9b h\u00e1ztart\u00e1si munk\u00e1k t\u00e9m\u00e1j\u00e1ban. Az elm\u00falt \u00e9vtizedekben nagyon sok tapasztalatom gy\u0171lt \u00f6ssze ezekr\u0151l a ter\u00fcletekr\u0151l, \u00e9s \u00fagy gondolom, sz\u00e1modra is hasznos inform\u00e1ci\u00f3kat \u00e9s gyakorlati tan\u00e1csokat tartalmaz.<\/p>\n<p><img loading=\"lazy\" decoding=\"async\" class=\"aligncenter size-medium wp-image-35008\" src=\"https:\/\/www.haztartas-ma.hu\/wp-content\/uploads\/2023\/01\/Masolas-Uj-kep-300x172.jpg\" alt=\"F\u0151zz jobban!\" width=\"300\" height=\"172\" \/><\/p>\n<p>Ha \u00e9rdekelnek az online tanfolyamok a fenti t\u00e9m\u00e1kban, l\u00e1togasd meg ezt az oldalt:<\/p>\n<p><a href=\"https:\/\/fozzjobban.hu\/\">fozzjobban.hu<\/a><\/p>\n<p>&nbsp;<\/p>\n<p>\u00dcdv\u00f6z\u00f6llek az oldalamon!<\/p>\n<p><span style=\"font-family: arial,helvetica,sans-serif;\">Pap Zsuzsa<\/span><\/p>\n<p>e-mail c\u00edm: pap[.]zsuzsa[@]haztartas-ma[.]hu<\/p>\n<p>Telefonsz\u00e1m: +36-30-9001823<\/p>\n<p>(A le\u00edr\u00e1st \u00e1tn\u00e9ztem \u00e9s kieg\u00e9sz\u00edtettem 2024-ben.)<\/p>\n","protected":false},"excerpt":{"rendered":"<p>&nbsp; &nbsp; &nbsp; &nbsp; &nbsp; Pap Zsuzsa vagyok, az oldal tulajdonosa \u00e9s \u00fczemeltet\u0151je. Iskolai v\u00e9gzetts\u00e9gem: okleveles vegy\u00e9szm\u00e9rn\u00f6k. Oklevelemet a Budapesti M\u0171szaki- \u00e9s Gazdas\u00e1gtudom\u00e1nyi Egyetemen szereztem. Hossz\u00fa ideig dolgoztam ezen a ter\u00fcleten. Amikor itt, Magyarorsz\u00e1gon az ipar le\u00e9p\u00fclt, m\u00e1s lehet\u0151s\u00e9geket kerestem. \u00c9vekig foglalkoztam term\u00e9kek \u00e9s szolg\u00e1ltat\u00e1sok \u00e9rt\u00e9kes\u00edt\u00e9s\u00e9vel \u00e9s ez alatt az id\u0151 alatt folyamatosan tov\u00e1bb\u00a0 k\u00e9peztem [&hellip;]<\/p>\n","protected":false},"author":171,"featured_media":0,"parent":0,"menu_order":3,"comment_status":"closed","ping_status":"closed","template":"","meta":{"_et_pb_use_builder":"","_et_pb_old_content":"","_et_gb_content_width":"","footnotes":"","_wp_rev_ctl_limit":""},"class_list":["post-31","page","type-page","status-publish","hentry"],"yoast_head":"<!-- This site is optimized with the Yoast SEO plugin v27.1.1 - https:\/\/yoast.com\/product\/yoast-seo-wordpress\/ -->\n<title>A h\u00e1ztart\u00e1s - Te \u00e9s \u00e9n<\/title>\n<meta name=\"description\" content=\"A h\u00e1ztart\u00e1s az \u00e9let fontos ter\u00fclete. Nem s\u00f6p\u00f6rheted a t\u00e9m\u00e1t a sz\u0151nyeg al\u00e1. Id\u0151t \u00e9s p\u00e9nzt vesztesz, ha elhanyagolod.\" \/>\n<meta name=\"robots\" content=\"index, follow, max-snippet:-1, max-image-preview:large, max-video-preview:-1\" \/>\n<link rel=\"canonical\" href=\"https:\/\/www.haztartas-ma.hu\/index.php\/rolam\/\" \/>\n<meta property=\"og:locale\" content=\"hu_HU\" \/>\n<meta property=\"og:type\" content=\"article\" \/>\n<meta property=\"og:title\" content=\"A h\u00e1ztart\u00e1s - Te \u00e9s \u00e9n\" \/>\n<meta property=\"og:description\" content=\"A h\u00e1ztart\u00e1s az \u00e9let fontos ter\u00fclete. Nem s\u00f6p\u00f6rheted a t\u00e9m\u00e1t a sz\u0151nyeg al\u00e1. Id\u0151t \u00e9s p\u00e9nzt vesztesz, ha elhanyagolod.\" \/>\n<meta property=\"og:url\" content=\"https:\/\/www.haztartas-ma.hu\/index.php\/rolam\/\" \/>\n<meta property=\"og:site_name\" content=\"H\u00e1ztart\u00e1s Ma\" \/>\n<meta property=\"article:modified_time\" content=\"2024-02-16T05:39:08+00:00\" \/>\n<meta property=\"og:image\" content=\"https:\/\/www.haztartas-ma.hu\/wp-content\/uploads\/2024\/02\/zsuzsa-150x150.jpg\" \/>\n<meta name=\"twitter:label1\" content=\"Becs\u00fclt olvas\u00e1si id\u0151\" \/>\n\t<meta name=\"twitter:data1\" content=\"4 perc\" \/>\n<script type=\"application\/ld+json\" class=\"yoast-schema-graph\">{\"@context\":\"https:\/\/schema.org\",\"@graph\":[{\"@type\":\"WebPage\",\"@id\":\"https:\/\/www.haztartas-ma.hu\/index.php\/rolam\/\",\"url\":\"https:\/\/www.haztartas-ma.hu\/index.php\/rolam\/\",\"name\":\"A h\u00e1ztart\u00e1s - Te \u00e9s \u00e9n\",\"isPartOf\":{\"@id\":\"https:\/\/www.haztartas-ma.hu\/#website\"},\"primaryImageOfPage\":{\"@id\":\"https:\/\/www.haztartas-ma.hu\/index.php\/rolam\/#primaryimage\"},\"image\":{\"@id\":\"https:\/\/www.haztartas-ma.hu\/index.php\/rolam\/#primaryimage\"},\"thumbnailUrl\":\"https:\/\/www.haztartas-ma.hu\/wp-content\/uploads\/2024\/02\/zsuzsa-150x150.jpg\",\"datePublished\":\"2010-03-09T19:43:13+00:00\",\"dateModified\":\"2024-02-16T05:39:08+00:00\",\"description\":\"A h\u00e1ztart\u00e1s az \u00e9let fontos ter\u00fclete. Nem s\u00f6p\u00f6rheted a t\u00e9m\u00e1t a sz\u0151nyeg al\u00e1. Id\u0151t \u00e9s p\u00e9nzt vesztesz, ha elhanyagolod.\",\"breadcrumb\":{\"@id\":\"https:\/\/www.haztartas-ma.hu\/index.php\/rolam\/#breadcrumb\"},\"inLanguage\":\"hu\",\"potentialAction\":[{\"@type\":\"ReadAction\",\"target\":[\"https:\/\/www.haztartas-ma.hu\/index.php\/rolam\/\"]}]},{\"@type\":\"ImageObject\",\"inLanguage\":\"hu\",\"@id\":\"https:\/\/www.haztartas-ma.hu\/index.php\/rolam\/#primaryimage\",\"url\":\"https:\/\/www.haztartas-ma.hu\/wp-content\/uploads\/2024\/02\/zsuzsa.jpg\",\"contentUrl\":\"https:\/\/www.haztartas-ma.hu\/wp-content\/uploads\/2024\/02\/zsuzsa.jpg\",\"width\":330,\"height\":330},{\"@type\":\"BreadcrumbList\",\"@id\":\"https:\/\/www.haztartas-ma.hu\/index.php\/rolam\/#breadcrumb\",\"itemListElement\":[{\"@type\":\"ListItem\",\"position\":1,\"name\":\"Home\",\"item\":\"https:\/\/www.haztartas-ma.hu\/\"},{\"@type\":\"ListItem\",\"position\":2,\"name\":\"R\u00f3lam\"}]},{\"@type\":\"WebSite\",\"@id\":\"https:\/\/www.haztartas-ma.hu\/#website\",\"url\":\"https:\/\/www.haztartas-ma.hu\/\",\"name\":\"H\u00e1ztart\u00e1s Ma\",\"description\":\"Egyszer\u0171 \u00e9telek, receptek, bef\u0151z\u00e9s, h\u00e1zi praktik\u00e1k\",\"potentialAction\":[{\"@type\":\"SearchAction\",\"target\":{\"@type\":\"EntryPoint\",\"urlTemplate\":\"https:\/\/www.haztartas-ma.hu\/?s={search_term_string}\"},\"query-input\":{\"@type\":\"PropertyValueSpecification\",\"valueRequired\":true,\"valueName\":\"search_term_string\"}}],\"inLanguage\":\"hu\"}]}<\/script>\n<!-- \/ Yoast SEO plugin. -->","yoast_head_json":{"title":"A h\u00e1ztart\u00e1s - Te \u00e9s \u00e9n","description":"A h\u00e1ztart\u00e1s az \u00e9let fontos ter\u00fclete. Nem s\u00f6p\u00f6rheted a t\u00e9m\u00e1t a sz\u0151nyeg al\u00e1. Id\u0151t \u00e9s p\u00e9nzt vesztesz, ha elhanyagolod.","robots":{"index":"index","follow":"follow","max-snippet":"max-snippet:-1","max-image-preview":"max-image-preview:large","max-video-preview":"max-video-preview:-1"},"canonical":"https:\/\/www.haztartas-ma.hu\/index.php\/rolam\/","og_locale":"hu_HU","og_type":"article","og_title":"A h\u00e1ztart\u00e1s - Te \u00e9s \u00e9n","og_description":"A h\u00e1ztart\u00e1s az \u00e9let fontos ter\u00fclete. Nem s\u00f6p\u00f6rheted a t\u00e9m\u00e1t a sz\u0151nyeg al\u00e1. Id\u0151t \u00e9s p\u00e9nzt vesztesz, ha elhanyagolod.","og_url":"https:\/\/www.haztartas-ma.hu\/index.php\/rolam\/","og_site_name":"H\u00e1ztart\u00e1s Ma","article_modified_time":"2024-02-16T05:39:08+00:00","og_image":[{"url":"https:\/\/www.haztartas-ma.hu\/wp-content\/uploads\/2024\/02\/zsuzsa-150x150.jpg","type":"","width":"","height":""}],"twitter_misc":{"Becs\u00fclt olvas\u00e1si id\u0151":"4 perc"},"schema":{"@context":"https:\/\/schema.org","@graph":[{"@type":"WebPage","@id":"https:\/\/www.haztartas-ma.hu\/index.php\/rolam\/","url":"https:\/\/www.haztartas-ma.hu\/index.php\/rolam\/","name":"A h\u00e1ztart\u00e1s - Te \u00e9s \u00e9n","isPartOf":{"@id":"https:\/\/www.haztartas-ma.hu\/#website"},"primaryImageOfPage":{"@id":"https:\/\/www.haztartas-ma.hu\/index.php\/rolam\/#primaryimage"},"image":{"@id":"https:\/\/www.haztartas-ma.hu\/index.php\/rolam\/#primaryimage"},"thumbnailUrl":"https:\/\/www.haztartas-ma.hu\/wp-content\/uploads\/2024\/02\/zsuzsa-150x150.jpg","datePublished":"2010-03-09T19:43:13+00:00","dateModified":"2024-02-16T05:39:08+00:00","description":"A h\u00e1ztart\u00e1s az \u00e9let fontos ter\u00fclete. Nem s\u00f6p\u00f6rheted a t\u00e9m\u00e1t a sz\u0151nyeg al\u00e1. Id\u0151t \u00e9s p\u00e9nzt vesztesz, ha elhanyagolod.","breadcrumb":{"@id":"https:\/\/www.haztartas-ma.hu\/index.php\/rolam\/#breadcrumb"},"inLanguage":"hu","potentialAction":[{"@type":"ReadAction","target":["https:\/\/www.haztartas-ma.hu\/index.php\/rolam\/"]}]},{"@type":"ImageObject","inLanguage":"hu","@id":"https:\/\/www.haztartas-ma.hu\/index.php\/rolam\/#primaryimage","url":"https:\/\/www.haztartas-ma.hu\/wp-content\/uploads\/2024\/02\/zsuzsa.jpg","contentUrl":"https:\/\/www.haztartas-ma.hu\/wp-content\/uploads\/2024\/02\/zsuzsa.jpg","width":330,"height":330},{"@type":"BreadcrumbList","@id":"https:\/\/www.haztartas-ma.hu\/index.php\/rolam\/#breadcrumb","itemListElement":[{"@type":"ListItem","position":1,"name":"Home","item":"https:\/\/www.haztartas-ma.hu\/"},{"@type":"ListItem","position":2,"name":"R\u00f3lam"}]},{"@type":"WebSite","@id":"https:\/\/www.haztartas-ma.hu\/#website","url":"https:\/\/www.haztartas-ma.hu\/","name":"H\u00e1ztart\u00e1s Ma","description":"Egyszer\u0171 \u00e9telek, receptek, bef\u0151z\u00e9s, h\u00e1zi praktik\u00e1k","potentialAction":[{"@type":"SearchAction","target":{"@type":"EntryPoint","urlTemplate":"https:\/\/www.haztartas-ma.hu\/?s={search_term_string}"},"query-input":{"@type":"PropertyValueSpecification","valueRequired":true,"valueName":"search_term_string"}}],"inLanguage":"hu"}]}},"jetpack_sharing_enabled":true,"_links":{"self":[{"href":"https:\/\/www.haztartas-ma.hu\/index.php\/wp-json\/wp\/v2\/pages\/31","targetHints":{"allow":["GET"]}}],"collection":[{"href":"https:\/\/www.haztartas-ma.hu\/index.php\/wp-json\/wp\/v2\/pages"}],"about":[{"href":"https:\/\/www.haztartas-ma.hu\/index.php\/wp-json\/wp\/v2\/types\/page"}],"author":[{"embeddable":true,"href":"https:\/\/www.haztartas-ma.hu\/index.php\/wp-json\/wp\/v2\/users\/171"}],"replies":[{"embeddable":true,"href":"https:\/\/www.haztartas-ma.hu\/index.php\/wp-json\/wp\/v2\/comments?post=31"}],"version-history":[{"count":3,"href":"https:\/\/www.haztartas-ma.hu\/index.php\/wp-json\/wp\/v2\/pages\/31\/revisions"}],"predecessor-version":[{"id":36768,"href":"https:\/\/www.haztartas-ma.hu\/index.php\/wp-json\/wp\/v2\/pages\/31\/revisions\/36768"}],"wp:attachment":[{"href":"https:\/\/www.haztartas-ma.hu\/index.php\/wp-json\/wp\/v2\/media?parent=31"}],"curies":[{"name":"wp","href":"https:\/\/api.w.org\/{rel}","templated":true}]}}