{"id":21867,"date":"2018-09-23T05:40:32","date_gmt":"2018-09-23T03:40:32","guid":{"rendered":"http:\/\/www.haztartas-ma.hu\/?page_id=21867"},"modified":"2018-12-19T18:12:25","modified_gmt":"2018-12-19T17:12:25","slug":"kapcsolat","status":"publish","type":"page","link":"https:\/\/www.haztartas-ma.hu\/index.php\/kapcsolat\/","title":{"rendered":"Kapcsolat"},"content":{"rendered":"<p>\u00dcgyf\u00e9lszolg\u00e1lat:<\/p>\n<p>A c\u00e9g c\u00edm\u00e9n nem tart\u00f3zkodunk \u00e1lland\u00f3an, ez\u00e9rt telefonon vagy e-mailben vedd fel vel\u00fcnk a kapcsolatot:<\/p>\n<p>Telefonsz\u00e1m: \u00a0+36-30-9001823 (h\u00edvhatsz minket emberi id\u0151ben b\u00e1rmikor, ha nem tudjuk felvenni, visszah\u00edvunk)<\/p>\n<p>Lev\u00e9l \u00fczenet: pap [.] zsuzsa [@] haztartas-ma [.] hu\u00a0<em>(Sz\u00e1nd\u00e9kosan nem kattinthat\u00f3, a spamek miatt)<\/em><\/p>\n<p>&nbsp;<\/p>\n","protected":false},"excerpt":{"rendered":"<p>\u00dcgyf\u00e9lszolg\u00e1lat: A c\u00e9g c\u00edm\u00e9n nem tart\u00f3zkodunk \u00e1lland\u00f3an, ez\u00e9rt telefonon vagy e-mailben vedd fel vel\u00fcnk a kapcsolatot: Telefonsz\u00e1m: \u00a0+36-30-9001823 (h\u00edvhatsz minket emberi id\u0151ben b\u00e1rmikor, ha nem tudjuk felvenni, visszah\u00edvunk) Lev\u00e9l \u00fczenet: pap [.] zsuzsa [@] haztartas-ma [.] hu\u00a0(Sz\u00e1nd\u00e9kosan nem kattinthat\u00f3, a spamek miatt) &nbsp;<\/p>\n","protected":false},"author":171,"featured_media":0,"parent":0,"menu_order":0,"comment_status":"closed","ping_status":"closed","template":"","meta":{"_et_pb_use_builder":"","_et_pb_old_content":"","_et_gb_content_width":"","footnotes":"","_wp_rev_ctl_limit":""},"class_list":["post-21867","page","type-page","status-publish","hentry"],"yoast_head":"<!-- This site is optimized with the Yoast SEO plugin v27.1.1 - https:\/\/yoast.com\/product\/yoast-seo-wordpress\/ -->\n<title>Kapcsolat - H\u00e1ztart\u00e1s Ma<\/title>\n<meta name=\"robots\" content=\"index, follow, max-snippet:-1, max-image-preview:large, max-video-preview:-1\" \/>\n<link rel=\"canonical\" href=\"https:\/\/www.haztartas-ma.hu\/index.php\/kapcsolat\/\" \/>\n<meta property=\"og:locale\" content=\"hu_HU\" \/>\n<meta property=\"og:type\" content=\"article\" \/>\n<meta property=\"og:title\" content=\"Kapcsolat - H\u00e1ztart\u00e1s Ma\" \/>\n<meta property=\"og:description\" content=\"\u00dcgyf\u00e9lszolg\u00e1lat: A c\u00e9g c\u00edm\u00e9n nem tart\u00f3zkodunk \u00e1lland\u00f3an, ez\u00e9rt telefonon vagy e-mailben vedd fel vel\u00fcnk a kapcsolatot: Telefonsz\u00e1m: \u00a0+36-30-9001823 (h\u00edvhatsz minket emberi id\u0151ben b\u00e1rmikor, ha nem tudjuk felvenni, visszah\u00edvunk) Lev\u00e9l \u00fczenet: pap [.] zsuzsa [@] haztartas-ma [.] hu\u00a0(Sz\u00e1nd\u00e9kosan nem kattinthat\u00f3, a spamek miatt) &nbsp;\" \/>\n<meta property=\"og:url\" content=\"https:\/\/www.haztartas-ma.hu\/index.php\/kapcsolat\/\" \/>\n<meta property=\"og:site_name\" content=\"H\u00e1ztart\u00e1s Ma\" \/>\n<meta property=\"article:modified_time\" content=\"2018-12-19T17:12:25+00:00\" \/>\n<script type=\"application\/ld+json\" class=\"yoast-schema-graph\">{\"@context\":\"https:\/\/schema.org\",\"@graph\":[{\"@type\":\"WebPage\",\"@id\":\"https:\/\/www.haztartas-ma.hu\/index.php\/kapcsolat\/\",\"url\":\"https:\/\/www.haztartas-ma.hu\/index.php\/kapcsolat\/\",\"name\":\"Kapcsolat - H\u00e1ztart\u00e1s Ma\",\"isPartOf\":{\"@id\":\"https:\/\/www.haztartas-ma.hu\/#website\"},\"datePublished\":\"2018-09-23T03:40:32+00:00\",\"dateModified\":\"2018-12-19T17:12:25+00:00\",\"breadcrumb\":{\"@id\":\"https:\/\/www.haztartas-ma.hu\/index.php\/kapcsolat\/#breadcrumb\"},\"inLanguage\":\"hu\",\"potentialAction\":[{\"@type\":\"ReadAction\",\"target\":[\"https:\/\/www.haztartas-ma.hu\/index.php\/kapcsolat\/\"]}]},{\"@type\":\"BreadcrumbList\",\"@id\":\"https:\/\/www.haztartas-ma.hu\/index.php\/kapcsolat\/#breadcrumb\",\"itemListElement\":[{\"@type\":\"ListItem\",\"position\":1,\"name\":\"Home\",\"item\":\"https:\/\/www.haztartas-ma.hu\/\"},{\"@type\":\"ListItem\",\"position\":2,\"name\":\"Kapcsolat\"}]},{\"@type\":\"WebSite\",\"@id\":\"https:\/\/www.haztartas-ma.hu\/#website\",\"url\":\"https:\/\/www.haztartas-ma.hu\/\",\"name\":\"H\u00e1ztart\u00e1s Ma\",\"description\":\"Egyszer\u0171 \u00e9telek, receptek, bef\u0151z\u00e9s, h\u00e1zi praktik\u00e1k\",\"potentialAction\":[{\"@type\":\"SearchAction\",\"target\":{\"@type\":\"EntryPoint\",\"urlTemplate\":\"https:\/\/www.haztartas-ma.hu\/?s={search_term_string}\"},\"query-input\":{\"@type\":\"PropertyValueSpecification\",\"valueRequired\":true,\"valueName\":\"search_term_string\"}}],\"inLanguage\":\"hu\"}]}<\/script>\n<!-- \/ Yoast SEO plugin. -->","yoast_head_json":{"title":"Kapcsolat - H\u00e1ztart\u00e1s Ma","robots":{"index":"index","follow":"follow","max-snippet":"max-snippet:-1","max-image-preview":"max-image-preview:large","max-video-preview":"max-video-preview:-1"},"canonical":"https:\/\/www.haztartas-ma.hu\/index.php\/kapcsolat\/","og_locale":"hu_HU","og_type":"article","og_title":"Kapcsolat - H\u00e1ztart\u00e1s Ma","og_description":"\u00dcgyf\u00e9lszolg\u00e1lat: A c\u00e9g c\u00edm\u00e9n nem tart\u00f3zkodunk \u00e1lland\u00f3an, ez\u00e9rt telefonon vagy e-mailben vedd fel vel\u00fcnk a kapcsolatot: Telefonsz\u00e1m: \u00a0+36-30-9001823 (h\u00edvhatsz minket emberi id\u0151ben b\u00e1rmikor, ha nem tudjuk felvenni, visszah\u00edvunk) Lev\u00e9l \u00fczenet: pap [.] zsuzsa [@] haztartas-ma [.] hu\u00a0(Sz\u00e1nd\u00e9kosan nem kattinthat\u00f3, a spamek miatt) &nbsp;","og_url":"https:\/\/www.haztartas-ma.hu\/index.php\/kapcsolat\/","og_site_name":"H\u00e1ztart\u00e1s Ma","article_modified_time":"2018-12-19T17:12:25+00:00","schema":{"@context":"https:\/\/schema.org","@graph":[{"@type":"WebPage","@id":"https:\/\/www.haztartas-ma.hu\/index.php\/kapcsolat\/","url":"https:\/\/www.haztartas-ma.hu\/index.php\/kapcsolat\/","name":"Kapcsolat - H\u00e1ztart\u00e1s Ma","isPartOf":{"@id":"https:\/\/www.haztartas-ma.hu\/#website"},"datePublished":"2018-09-23T03:40:32+00:00","dateModified":"2018-12-19T17:12:25+00:00","breadcrumb":{"@id":"https:\/\/www.haztartas-ma.hu\/index.php\/kapcsolat\/#breadcrumb"},"inLanguage":"hu","potentialAction":[{"@type":"ReadAction","target":["https:\/\/www.haztartas-ma.hu\/index.php\/kapcsolat\/"]}]},{"@type":"BreadcrumbList","@id":"https:\/\/www.haztartas-ma.hu\/index.php\/kapcsolat\/#breadcrumb","itemListElement":[{"@type":"ListItem","position":1,"name":"Home","item":"https:\/\/www.haztartas-ma.hu\/"},{"@type":"ListItem","position":2,"name":"Kapcsolat"}]},{"@type":"WebSite","@id":"https:\/\/www.haztartas-ma.hu\/#website","url":"https:\/\/www.haztartas-ma.hu\/","name":"H\u00e1ztart\u00e1s Ma","description":"Egyszer\u0171 \u00e9telek, receptek, bef\u0151z\u00e9s, h\u00e1zi praktik\u00e1k","potentialAction":[{"@type":"SearchAction","target":{"@type":"EntryPoint","urlTemplate":"https:\/\/www.haztartas-ma.hu\/?s={search_term_string}"},"query-input":{"@type":"PropertyValueSpecification","valueRequired":true,"valueName":"search_term_string"}}],"inLanguage":"hu"}]}},"jetpack_sharing_enabled":true,"_links":{"self":[{"href":"https:\/\/www.haztartas-ma.hu\/index.php\/wp-json\/wp\/v2\/pages\/21867","targetHints":{"allow":["GET"]}}],"collection":[{"href":"https:\/\/www.haztartas-ma.hu\/index.php\/wp-json\/wp\/v2\/pages"}],"about":[{"href":"https:\/\/www.haztartas-ma.hu\/index.php\/wp-json\/wp\/v2\/types\/page"}],"author":[{"embeddable":true,"href":"https:\/\/www.haztartas-ma.hu\/index.php\/wp-json\/wp\/v2\/users\/171"}],"replies":[{"embeddable":true,"href":"https:\/\/www.haztartas-ma.hu\/index.php\/wp-json\/wp\/v2\/comments?post=21867"}],"version-history":[{"count":0,"href":"https:\/\/www.haztartas-ma.hu\/index.php\/wp-json\/wp\/v2\/pages\/21867\/revisions"}],"wp:attachment":[{"href":"https:\/\/www.haztartas-ma.hu\/index.php\/wp-json\/wp\/v2\/media?parent=21867"}],"curies":[{"name":"wp","href":"https:\/\/api.w.org\/{rel}","templated":true}]}}