{"id":20878,"date":"2018-05-02T14:23:21","date_gmt":"2018-05-02T12:23:21","guid":{"rendered":"http:\/\/www.haztartas-ma.hu\/?page_id=20878"},"modified":"2023-08-27T11:56:56","modified_gmt":"2023-08-27T09:56:56","slug":"altalanos-szerzodesi-feltetelek","status":"publish","type":"page","link":"https:\/\/www.haztartas-ma.hu\/index.php\/altalanos-szerzodesi-feltetelek\/","title":{"rendered":"\u00c1ltal\u00e1nos Szerz\u0151d\u00e9si Felt\u00e9telek (\u00c1SzF)"},"content":{"rendered":"<h2>\u00c1ltal\u00e1nos adatok<\/h2>\n<h3>A szolg\u00e1ltat\u00f3 c\u00e9g \u00e1ltal\u00e1nos adatai<\/h3>\n<ul>\n<li>A c\u00e9g neve: EUV\u00c1L V\u00e1llalkoz\u00e1sfejleszt\u00e9si Tan\u00e1csad\u00f3 Iroda Korl\u00e1tolt Felel\u0151ss\u00e9g\u0171 T\u00e1rsas\u00e1g<\/li>\n<li>A c\u00e9g r\u00f6vid\u00edtett neve: EUV\u00c1L Kft<\/li>\n<li>A c\u00e9g sz\u00e9khelye: 1016 Budapest, Naphegy t\u00e9r 6\/b. I. em. 7.<\/li>\n<li>A c\u00e9g c\u00e9gb\u00edr\u00f3s\u00e1gi bejegyz\u00e9si sz\u00e1ma: 01-09-172053<\/li>\n<li>A c\u00e9g ad\u00f3sz\u00e1ma: 24322524-2-41<\/li>\n<li>A c\u00e9g banksz\u00e1mla sz\u00e1ma: CIB 10700419-24455301-51100005<\/li>\n<\/ul>\n<h3>Az EUV\u00c1L Kft el\u00e9rhet\u0151s\u00e9gei<\/h3>\n<ul>\n<li>\u00dcgyf\u00e9lszolg\u00e1lat el\u00e9rhet\u0151s\u00e9ge: munkanapokon h\u00e9tf\u0151t\u0151l cs\u00fct\u00f6rt\u00f6kig: 8:00 &#8211; 17:00 \u00f3r\u00e1ig, p\u00e9nteken: 8:00 &#8211; 14:00 \u00f3r\u00e1ig<\/li>\n<li>Telefon: +36 30 9001823<\/li>\n<li>email: pap.zsuzsa@haztartas-ma.hu<\/li>\n<li>Weboldal: https:\/\/www.haztartas-ma.hu<\/li>\n<\/ul>\n<h2>Az EUV\u00c1L Kft honlaphoz k\u00f6t\u0151d\u0151 \u00fczleti kapcsolatai<\/h2>\n<h4>T\u00e1rhelyszolg\u00e1ltat\u00f3:<\/h4>\n<p>ProfiT\u00e1rhely Kft<\/p>\n<p>6000 Kecskem\u00e9t, Szolnoki \u00fat 23.<\/p>\n<p>Telefon:+36-1-254 0866<\/p>\n<h4>Adatfeldolgoz\u00f3:<\/h4>\n<p>Szilihost Kft<\/p>\n<p>2800 Tatab\u00e1nya, Bor\u00f3ka u. 7.<\/p>\n<p>Telefon: +36-1-788 4060<\/p>\n<h4>Rendszergazda:<\/h4>\n<p>Holinform Kft<\/p>\n<p>2376 Hern\u00e1d, Gy\u00f3ni \u00fat 160.<\/p>\n<p>Telefon: +36-20-9803288<\/p>\n<h4>Sz\u00e1ml\u00e1z\u00f3 rendszer kezel\u0151je:<\/h4>\n<p>KBOSS.hu Kft (szamlazz.hu)<\/p>\n<p>1031 Budapest, Z\u00e1hony u. 7\/c.<\/p>\n<p>Telefon: +36-30-3544789<\/p>\n<h4>Postai szolg\u00e1ltat\u00f3:<\/h4>\n<p>Magyar Posta Zrt<\/p>\n<p>1138 Budapest, Dunavir\u00e1g u. 2-6.<\/p>\n<p>Telefon: +36-1-7678282<\/p>\n<h2>Az info term\u00e9kek \u00e9s szolg\u00e1ltat\u00e1sok t\u00e1rgya<\/h2>\n<h3>A c\u00e9g term\u00e9kei \u00e9s szolg\u00e1ltat\u00e1sai<\/h3>\n<h4>Ingyenes szolg\u00e1ltat\u00e1sok<\/h4>\n<ul>\n<li>Blogbejegyz\u00e9sek az \u00e9telk\u00e9sz\u00edt\u00e9s \u00e9s a h\u00e1ztart\u00e1s m\u00e1s ter\u00fcleteir\u0151l. C\u00e9lja az olvas\u00f3k seg\u00edt\u00e9se ezekben a tev\u00e9kenys\u00e9gekben.<\/li>\n<li>Ingyenesen, n\u00e9v \u00e9s e-mail c\u00edm ellen\u00e9ben let\u00f6lthet\u0151 anyagok: tematikus e-bookok az \u00e9telk\u00e9sz\u00edt\u00e9s \u00e9s a h\u00e1ztart\u00e1s m\u00e1s ter\u00fcletein.<\/li>\n<li>H\u00edrlev\u00e9l\u00a0 k\u00fcld\u00e9se n\u00e9v \u00e9s e-mail c\u00edm \u00f6nk\u00e9ntes megad\u00e1sa ellen\u00e9ben. A h\u00edrlevelek c\u00e9lja a honlapon t\u00f6rt\u00e9nt aktualit\u00e1sok jelz\u00e9se, az olvas\u00f3k seg\u00edt\u00e9se a s\u00fct\u00e9s-f\u0151z\u00e9sben \u00e9s a h\u00e1ztart\u00e1s m\u00e1s ter\u00fcletein, valamint aj\u00e1nlattev\u00e9s a c\u00e9g term\u00e9keire \u00e9s szolg\u00e1ltat\u00e1saira.<\/li>\n<\/ul>\n<h4>Info-term\u00e9kek megrendel\u00e9sre<\/h4>\n<ul>\n<li>e-bookok k\u00fcl\u00f6nf\u00e9le terjedelemben<\/li>\n<li>Online tanfolyamok t\u00e1mogatott form\u00e1ban &#8211; pdf form\u00e1tumban illetve z\u00e1rt oldali hozz\u00e1f\u00e9r\u00e9ssel.<\/li>\n<\/ul>\n<h4>Kieg\u00e9sz\u00edt\u0151 inform\u00e1ci\u00f3k<\/h4>\n<ul>\n<li>Az info-term\u00e9kek \u00e1rai a term\u00e9kek ismertet\u0151 lapjain szerepelnek.<\/li>\n<li>A www.haztartas-ma.hu honlapon megjelent ingyenes \u00e9s fizet\u0151s anyagok szerz\u0151i jogv\u00e9delem alatt \u00e1llnak. M\u00e1sol\u00e1suk, nyomtat\u00e1sban vagy online form\u00e1ban val\u00f3 megjelentet\u00e9s\u00fck csak a szerz\u0151 enged\u00e9ly\u00e9vel t\u00f6rt\u00e9nhet.<\/li>\n<li>A term\u00e9kek megrendel\u00e9s\u00e9vel a felek k\u00f6z\u00f6tt szerz\u0151d\u00e9s j\u00f6n l\u00e9tre. A meg\u00e1llapod\u00e1s\u00a0elektronikus \u00faton megk\u00f6t\u00f6tt szerz\u0151d\u00e9snek min\u0151s\u00fcl, amelyre az elektronikus kereskedelmi szolg\u00e1ltat\u00e1sok, valamint az inform\u00e1ci\u00f3s t\u00e1rsadalommal \u00f6sszef\u00fcgg\u0151 szolg\u00e1ltat\u00e1sok egyes k\u00e9rd\u00e9seir\u0151l sz\u00f3l\u00f3 2001. \u00e9vi CVIII. t\u00f6rv\u00e9ny 5. \u00e9s 6. \u00a7-\u00e1ban foglaltak az ir\u00e1nyad\u00f3ak. A szerz\u0151d\u00e9s a t\u00e1vollev\u0151k k\u00f6z\u00f6tt k\u00f6t\u00f6tt szerz\u0151d\u00e9sekr\u0151l sz\u00f3l\u00f3 1999. (II.5.) Korm\u00e1nyrendelet hat\u00e1lya al\u00e1 tartozik.<\/li>\n<li>Az info term\u00e9kekhez z\u00e1rt oldalon t\u00f6rt\u00e9n\u0151 hozz\u00e1f\u00e9r\u00e9s id\u0151tartam\u00e1ban a felek alkalmank\u00e9nt egyeznek meg.<\/li>\n<\/ul>\n<p>&nbsp;<\/p>\n<h2>Az EUV\u00c1L Kft \u00e9s a Megrendel\u0151 jogai \u00e9s k\u00f6telezetts\u00e9gei<\/h2>\n<h3>Az EUV\u00c1L Kft jogai \u00e9s k\u00f6telezetts\u00e9gei<\/h3>\n<p>Az EUV\u00c1L Kft<\/p>\n<ul>\n<li>jogosult a megrendel\u00e9sben szerepl\u0151 szolg\u00e1ltat\u00e1s \u00e1r\u00e1t a Megrendel\u0151 r\u00e9sz\u00e9re kisz\u00e1ml\u00e1zni<\/li>\n<li>jogosult term\u00e9keinek \u00e9s szolg\u00e1ltat\u00e1sainak tartalm\u00e1t jav\u00edt\u00f3 c\u00e9lzattal megv\u00e1ltoztatni a Megrendel\u0151 egyidej\u0171 \u00e9rtes\u00edt\u00e9se mellett<\/li>\n<li>jogosult a Megrendel\u0151 adatait nyilv\u00e1ntart\u00e1sban szerepeltetni, azonban azokat harmadik f\u00e9lnek a Megrendel\u0151 \u00edr\u00e1sos j\u00f3v\u00e1hagy\u00e1sa n\u00e9lk\u00fcl nem adhatja \u00e1t &#8211; kiv\u00e9telt k\u00e9pez a t\u00f6rv\u00e9nyi k\u00f6telezetts\u00e9g adatszolg\u00e1ltat\u00e1sra<\/li>\n<li>az info term\u00e9kek \u00e9s szolg\u00e1ltat\u00e1sok \u00e1r\u00e1nak be\u00e9rkez\u00e9se ut\u00e1n 8 napon bel\u00fcl k\u00f6teles a term\u00e9ket illetve a z\u00e1rt oldali hozz\u00e1f\u00e9r\u00e9st a Megrendel\u0151 rendelkez\u00e9s\u00e9re bocs\u00e1tani<\/li>\n<li>az info term\u00e9kekhez j\u00e1r\u00f3 szolg\u00e1ltat\u00e1sokat k\u00f6teles a felek k\u00f6z\u00f6tti megbesz\u00e9l\u00e9s szerint teljes\u00edteni<\/li>\n<li>maximum a neki fizetett d\u00edj erej\u00e9ig v\u00e1llal anyagi felel\u0151ss\u00e9get.<\/li>\n<\/ul>\n<h3>A Megrendel\u0151 jogai \u00e9s k\u00f6telezetts\u00e9gei<\/h3>\n<p>A Megrendel\u0151<\/p>\n<ul>\n<li>jogosult az \u00e1ltala megrendelt term\u00e9kek \u00e9s szolg\u00e1ltat\u00e1sok ig\u00e9nybev\u00e9tel\u00e9re<\/li>\n<li>k\u00f6teles a birtok\u00e1ba ker\u00fclt term\u00e9keket a szerz\u0151i jogban meghat\u00e1rozott m\u00f3don kezelni<\/li>\n<li>k\u00f6teles tudom\u00e1sul venni, hogy a birtok\u00e1ba ker\u00fclt anyagok b\u00e1rmif\u00e9le &#8211; a saj\u00e1t felhaszn\u00e1l\u00e1son k\u00edv\u00fcli &#8211;\u00a0 m\u00e1sol\u00e1sa, m\u00e1s r\u00e9sz\u00e9re t\u00f6rt\u00e9n\u0151 \u00e1tad\u00e1sa, nyomtat\u00e1sba vagy weboldalon t\u00f6rt\u00e9n\u0151 megjelentet\u00e9se csak a\u00a0 szerz\u0151 j\u00f3v\u00e1hagy\u00e1s\u00e1val t\u00f6rt\u00e9nhet.<\/li>\n<\/ul>\n<h2>Egy\u00e9b rendelkez\u00e9sek<\/h2>\n<ul>\n<li>A tev\u00e9kenys\u00e9g v\u00e9gz\u00e9se k\u00f6zben a c\u00e9g tudom\u00e1s\u00e1ra jutott adatok kezel\u00e9s\u00e9nek m\u00f3dja az <a href=\"https:\/\/www.haztartas-ma.hu\/index.php\/adatvedelmi-tajekoztato\/\">Adatv\u00e9delmi t\u00e1j\u00e9koztat\u00f3<\/a>ban tal\u00e1lhat\u00f3.<\/li>\n<li>A Felek \u00edr\u00e1sos kommunik\u00e1ci\u00f3nak fogadj\u00e1k el az e-mailben k\u00fcld\u00f6tt leveleket. A kapcsolattart\u00e1sra kijel\u00f6lt e-mail c\u00edmek: a Szolg\u00e1ltat\u00f3 r\u00e9sz\u00e9r\u0151l a <a href=\"mailto:pap.zsuzsa@haztartas-ma.hu\">pap.zsuzsa@haztartas-ma.hu<\/a>, Megrendel\u0151 r\u00e9sz\u00e9r\u0151l pedig a honlapokon leadott megrendel\u00e9sen kapcsolattart\u00f3k\u00e9nt megadott szem\u00e9ly e-mail-c\u00edme. A Felek k\u00f6lcs\u00f6n\u00f6sen \u00edr\u00e1sosnak fogadnak el ett\u0151l elt\u00e9r\u0151 e-mail c\u00edmekr\u0151l t\u00f6rt\u00e9n\u0151 kommunik\u00e1ci\u00f3t is, de b\u00e1rmilyen vit\u00e1s k\u00e9rd\u00e9st vagy fizet\u00e9si felsz\u00f3l\u00edt\u00e1st a kijel\u00f6lt c\u00edmre kell k\u00fcldeni \u2013 3 napon bel\u00fcl.<\/li>\n<li>A megv\u00e1s\u00e1rolt term\u00e9kekr\u0151l \u00e9s szolg\u00e1ltat\u00e1sokr\u00f3l az EUV\u00c1L Kft \u00e1f\u00e1s sz\u00e1ml\u00e1t \u00e1ll\u00edt ki, amelyet a megrendel\u0151nek a fizet\u00e9st k\u00f6vet\u0151en eljuttat. Az EUV\u00c1L Kft sz\u00e1ml\u00e1it a sz\u00e1ml\u00e1zz.hu rendszer\u00e9ben k\u00e9sz\u00edti el \u00e9s e-mailben k\u00fcldi meg pdf form\u00e1tumban a megrendel\u0151nek. Amennyiben Megrendel\u0151nek nem \u00e1ll m\u00f3dj\u00e1ban az elektronikus sz\u00e1mla befogad\u00e1sa, \u00fagy azt megrendel\u00e9skor, a sz\u00e1ml\u00e1z\u00e1s megkezd\u00e9se el\u0151tt jelezheti Szolg\u00e1ltat\u00f3 fel\u00e9, mely esetben Szolg\u00e1ltat\u00f3 hagyom\u00e1nyos, pap\u00edr alap\u00fa sz\u00e1ml\u00e1t \u00e1ll\u00edt ki \u00e9s k\u00fcld meg. A sz\u00e1mla kiegyenl\u00edt\u00e9s\u00e9vel Megrendel\u0151 elismeri, hogy az elektronikus sz\u00e1ml\u00e1t befogadja.<\/li>\n<li>A jelen \u00c1SzF-ben nem szab\u00e1lyozott k\u00e9rd\u00e9sek eset\u00e9n a hat\u00e1lyos magyar Ptk. \u00e9s m\u00e1s vonatkoz\u00f3 jogszab\u00e1lyok, tov\u00e1bb\u00e1 a hat\u00e1lyos magyar internet szabv\u00e1nyok alkalmazand\u00f3k.<\/li>\n<li>Felek b\u00e1rmi fajta jogvit\u00e1jukra al\u00e1vetik magukat a Szolg\u00e1ltat\u00f3 sz\u00e9khelye szerint hat\u00e1sk\u00f6rrel rendelkez\u0151 b\u00edr\u00f3s\u00e1g kiz\u00e1r\u00f3lagos illet\u00e9kess\u00e9g\u00e9nek, amennyiben vit\u00e1jukat els\u0151dlegesen b\u00e9k\u00e9s \u00faton nem tudj\u00e1k rendezni.<\/li>\n<\/ul>\n","protected":false},"excerpt":{"rendered":"<p>\u00c1ltal\u00e1nos adatok A szolg\u00e1ltat\u00f3 c\u00e9g \u00e1ltal\u00e1nos adatai A c\u00e9g neve: EUV\u00c1L V\u00e1llalkoz\u00e1sfejleszt\u00e9si Tan\u00e1csad\u00f3 Iroda Korl\u00e1tolt Felel\u0151ss\u00e9g\u0171 T\u00e1rsas\u00e1g A c\u00e9g r\u00f6vid\u00edtett neve: EUV\u00c1L Kft A c\u00e9g sz\u00e9khelye: 1016 Budapest, Naphegy t\u00e9r 6\/b. I. em. 7. A c\u00e9g c\u00e9gb\u00edr\u00f3s\u00e1gi bejegyz\u00e9si sz\u00e1ma: 01-09-172053 A c\u00e9g ad\u00f3sz\u00e1ma: 24322524-2-41 A c\u00e9g banksz\u00e1mla sz\u00e1ma: CIB 10700419-24455301-51100005 Az EUV\u00c1L Kft el\u00e9rhet\u0151s\u00e9gei \u00dcgyf\u00e9lszolg\u00e1lat [&hellip;]<\/p>\n","protected":false},"author":171,"featured_media":0,"parent":0,"menu_order":0,"comment_status":"closed","ping_status":"closed","template":"","meta":{"_et_pb_use_builder":"","_et_pb_old_content":"","_et_gb_content_width":"","footnotes":"","_wp_rev_ctl_limit":""},"class_list":["post-20878","page","type-page","status-publish","hentry"],"yoast_head":"<!-- This site is optimized with the Yoast SEO plugin v27.1.1 - https:\/\/yoast.com\/product\/yoast-seo-wordpress\/ -->\n<title>\u00c1ltal\u00e1nos Szerz\u0151d\u00e9si Felt\u00e9telek (\u00c1SzF) - H\u00e1ztart\u00e1s Ma<\/title>\n<meta name=\"robots\" content=\"noindex, nofollow\" \/>\n<meta property=\"og:locale\" content=\"hu_HU\" \/>\n<meta property=\"og:type\" content=\"article\" \/>\n<meta property=\"og:title\" content=\"\u00c1ltal\u00e1nos Szerz\u0151d\u00e9si Felt\u00e9telek (\u00c1SzF) - H\u00e1ztart\u00e1s Ma\" \/>\n<meta property=\"og:description\" content=\"\u00c1ltal\u00e1nos adatok A szolg\u00e1ltat\u00f3 c\u00e9g \u00e1ltal\u00e1nos adatai A c\u00e9g neve: EUV\u00c1L V\u00e1llalkoz\u00e1sfejleszt\u00e9si Tan\u00e1csad\u00f3 Iroda Korl\u00e1tolt Felel\u0151ss\u00e9g\u0171 T\u00e1rsas\u00e1g A c\u00e9g r\u00f6vid\u00edtett neve: EUV\u00c1L Kft A c\u00e9g sz\u00e9khelye: 1016 Budapest, Naphegy t\u00e9r 6\/b. I. em. 7. A c\u00e9g c\u00e9gb\u00edr\u00f3s\u00e1gi bejegyz\u00e9si sz\u00e1ma: 01-09-172053 A c\u00e9g ad\u00f3sz\u00e1ma: 24322524-2-41 A c\u00e9g banksz\u00e1mla sz\u00e1ma: CIB 10700419-24455301-51100005 Az EUV\u00c1L Kft el\u00e9rhet\u0151s\u00e9gei \u00dcgyf\u00e9lszolg\u00e1lat [&hellip;]\" \/>\n<meta property=\"og:url\" content=\"https:\/\/www.haztartas-ma.hu\/index.php\/altalanos-szerzodesi-feltetelek\/\" \/>\n<meta property=\"og:site_name\" content=\"H\u00e1ztart\u00e1s Ma\" \/>\n<meta property=\"article:modified_time\" content=\"2023-08-27T09:56:56+00:00\" \/>\n<meta name=\"twitter:label1\" content=\"Becs\u00fclt olvas\u00e1si id\u0151\" \/>\n\t<meta name=\"twitter:data1\" content=\"4 perc\" \/>\n<script type=\"application\/ld+json\" class=\"yoast-schema-graph\">{\"@context\":\"https:\/\/schema.org\",\"@graph\":[{\"@type\":\"WebPage\",\"@id\":\"https:\/\/www.haztartas-ma.hu\/index.php\/altalanos-szerzodesi-feltetelek\/\",\"url\":\"https:\/\/www.haztartas-ma.hu\/index.php\/altalanos-szerzodesi-feltetelek\/\",\"name\":\"\u00c1ltal\u00e1nos Szerz\u0151d\u00e9si Felt\u00e9telek (\u00c1SzF) - H\u00e1ztart\u00e1s Ma\",\"isPartOf\":{\"@id\":\"https:\/\/www.haztartas-ma.hu\/#website\"},\"datePublished\":\"2018-05-02T12:23:21+00:00\",\"dateModified\":\"2023-08-27T09:56:56+00:00\",\"breadcrumb\":{\"@id\":\"https:\/\/www.haztartas-ma.hu\/index.php\/altalanos-szerzodesi-feltetelek\/#breadcrumb\"},\"inLanguage\":\"hu\",\"potentialAction\":[{\"@type\":\"ReadAction\",\"target\":[\"https:\/\/www.haztartas-ma.hu\/index.php\/altalanos-szerzodesi-feltetelek\/\"]}]},{\"@type\":\"BreadcrumbList\",\"@id\":\"https:\/\/www.haztartas-ma.hu\/index.php\/altalanos-szerzodesi-feltetelek\/#breadcrumb\",\"itemListElement\":[{\"@type\":\"ListItem\",\"position\":1,\"name\":\"Home\",\"item\":\"https:\/\/www.haztartas-ma.hu\/\"},{\"@type\":\"ListItem\",\"position\":2,\"name\":\"\u00c1ltal\u00e1nos Szerz\u0151d\u00e9si Felt\u00e9telek (\u00c1SzF)\"}]},{\"@type\":\"WebSite\",\"@id\":\"https:\/\/www.haztartas-ma.hu\/#website\",\"url\":\"https:\/\/www.haztartas-ma.hu\/\",\"name\":\"H\u00e1ztart\u00e1s Ma\",\"description\":\"Egyszer\u0171 \u00e9telek, receptek, bef\u0151z\u00e9s, h\u00e1zi praktik\u00e1k\",\"potentialAction\":[{\"@type\":\"SearchAction\",\"target\":{\"@type\":\"EntryPoint\",\"urlTemplate\":\"https:\/\/www.haztartas-ma.hu\/?s={search_term_string}\"},\"query-input\":{\"@type\":\"PropertyValueSpecification\",\"valueRequired\":true,\"valueName\":\"search_term_string\"}}],\"inLanguage\":\"hu\"}]}<\/script>\n<!-- \/ Yoast SEO plugin. -->","yoast_head_json":{"title":"\u00c1ltal\u00e1nos Szerz\u0151d\u00e9si Felt\u00e9telek (\u00c1SzF) - H\u00e1ztart\u00e1s Ma","robots":{"index":"noindex","follow":"nofollow"},"og_locale":"hu_HU","og_type":"article","og_title":"\u00c1ltal\u00e1nos Szerz\u0151d\u00e9si Felt\u00e9telek (\u00c1SzF) - H\u00e1ztart\u00e1s Ma","og_description":"\u00c1ltal\u00e1nos adatok A szolg\u00e1ltat\u00f3 c\u00e9g \u00e1ltal\u00e1nos adatai A c\u00e9g neve: EUV\u00c1L V\u00e1llalkoz\u00e1sfejleszt\u00e9si Tan\u00e1csad\u00f3 Iroda Korl\u00e1tolt Felel\u0151ss\u00e9g\u0171 T\u00e1rsas\u00e1g A c\u00e9g r\u00f6vid\u00edtett neve: EUV\u00c1L Kft A c\u00e9g sz\u00e9khelye: 1016 Budapest, Naphegy t\u00e9r 6\/b. I. em. 7. A c\u00e9g c\u00e9gb\u00edr\u00f3s\u00e1gi bejegyz\u00e9si sz\u00e1ma: 01-09-172053 A c\u00e9g ad\u00f3sz\u00e1ma: 24322524-2-41 A c\u00e9g banksz\u00e1mla sz\u00e1ma: CIB 10700419-24455301-51100005 Az EUV\u00c1L Kft el\u00e9rhet\u0151s\u00e9gei \u00dcgyf\u00e9lszolg\u00e1lat [&hellip;]","og_url":"https:\/\/www.haztartas-ma.hu\/index.php\/altalanos-szerzodesi-feltetelek\/","og_site_name":"H\u00e1ztart\u00e1s Ma","article_modified_time":"2023-08-27T09:56:56+00:00","twitter_misc":{"Becs\u00fclt olvas\u00e1si id\u0151":"4 perc"},"schema":{"@context":"https:\/\/schema.org","@graph":[{"@type":"WebPage","@id":"https:\/\/www.haztartas-ma.hu\/index.php\/altalanos-szerzodesi-feltetelek\/","url":"https:\/\/www.haztartas-ma.hu\/index.php\/altalanos-szerzodesi-feltetelek\/","name":"\u00c1ltal\u00e1nos Szerz\u0151d\u00e9si Felt\u00e9telek (\u00c1SzF) - H\u00e1ztart\u00e1s Ma","isPartOf":{"@id":"https:\/\/www.haztartas-ma.hu\/#website"},"datePublished":"2018-05-02T12:23:21+00:00","dateModified":"2023-08-27T09:56:56+00:00","breadcrumb":{"@id":"https:\/\/www.haztartas-ma.hu\/index.php\/altalanos-szerzodesi-feltetelek\/#breadcrumb"},"inLanguage":"hu","potentialAction":[{"@type":"ReadAction","target":["https:\/\/www.haztartas-ma.hu\/index.php\/altalanos-szerzodesi-feltetelek\/"]}]},{"@type":"BreadcrumbList","@id":"https:\/\/www.haztartas-ma.hu\/index.php\/altalanos-szerzodesi-feltetelek\/#breadcrumb","itemListElement":[{"@type":"ListItem","position":1,"name":"Home","item":"https:\/\/www.haztartas-ma.hu\/"},{"@type":"ListItem","position":2,"name":"\u00c1ltal\u00e1nos Szerz\u0151d\u00e9si Felt\u00e9telek (\u00c1SzF)"}]},{"@type":"WebSite","@id":"https:\/\/www.haztartas-ma.hu\/#website","url":"https:\/\/www.haztartas-ma.hu\/","name":"H\u00e1ztart\u00e1s Ma","description":"Egyszer\u0171 \u00e9telek, receptek, bef\u0151z\u00e9s, h\u00e1zi praktik\u00e1k","potentialAction":[{"@type":"SearchAction","target":{"@type":"EntryPoint","urlTemplate":"https:\/\/www.haztartas-ma.hu\/?s={search_term_string}"},"query-input":{"@type":"PropertyValueSpecification","valueRequired":true,"valueName":"search_term_string"}}],"inLanguage":"hu"}]}},"jetpack_sharing_enabled":true,"_links":{"self":[{"href":"https:\/\/www.haztartas-ma.hu\/index.php\/wp-json\/wp\/v2\/pages\/20878","targetHints":{"allow":["GET"]}}],"collection":[{"href":"https:\/\/www.haztartas-ma.hu\/index.php\/wp-json\/wp\/v2\/pages"}],"about":[{"href":"https:\/\/www.haztartas-ma.hu\/index.php\/wp-json\/wp\/v2\/types\/page"}],"author":[{"embeddable":true,"href":"https:\/\/www.haztartas-ma.hu\/index.php\/wp-json\/wp\/v2\/users\/171"}],"replies":[{"embeddable":true,"href":"https:\/\/www.haztartas-ma.hu\/index.php\/wp-json\/wp\/v2\/comments?post=20878"}],"version-history":[{"count":1,"href":"https:\/\/www.haztartas-ma.hu\/index.php\/wp-json\/wp\/v2\/pages\/20878\/revisions"}],"predecessor-version":[{"id":36295,"href":"https:\/\/www.haztartas-ma.hu\/index.php\/wp-json\/wp\/v2\/pages\/20878\/revisions\/36295"}],"wp:attachment":[{"href":"https:\/\/www.haztartas-ma.hu\/index.php\/wp-json\/wp\/v2\/media?parent=20878"}],"curies":[{"name":"wp","href":"https:\/\/api.w.org\/{rel}","templated":true}]}}