{"id":19319,"date":"2018-01-09T19:24:15","date_gmt":"2018-01-09T18:24:15","guid":{"rendered":"http:\/\/www.haztartas-ma.hu\/?page_id=19319"},"modified":"2018-01-11T06:15:26","modified_gmt":"2018-01-11T05:15:26","slug":"sikeres-leiratkozas","status":"publish","type":"page","link":"https:\/\/www.haztartas-ma.hu\/index.php\/sikeres-leiratkozas\/","title":{"rendered":"Sikeres leiratkoz\u00e1s"},"content":{"rendered":"<p>Az adatokat a rendszer t\u00f6r\u00f6lte, t\u00f6bb levelet nem fogok k\u00fcldeni.<\/p>\n<p><strong>K\u00f6sz\u00f6n\u00f6m az eddigi figyelmet!<\/strong><\/p>\n<p>&nbsp;<\/p>\n","protected":false},"excerpt":{"rendered":"<p>Az adatokat a rendszer t\u00f6r\u00f6lte, t\u00f6bb levelet nem fogok k\u00fcldeni. K\u00f6sz\u00f6n\u00f6m az eddigi figyelmet! &nbsp;<\/p>\n","protected":false},"author":27,"featured_media":0,"parent":0,"menu_order":94,"comment_status":"closed","ping_status":"closed","template":"page-sales.php","meta":{"_et_pb_use_builder":"","_et_pb_old_content":"","_et_gb_content_width":"","footnotes":"","_wp_rev_ctl_limit":""},"class_list":["post-19319","page","type-page","status-publish","hentry"],"yoast_head":"<!-- This site is optimized with the Yoast SEO plugin v27.1.1 - https:\/\/yoast.com\/product\/yoast-seo-wordpress\/ -->\n<title>Sikeres leiratkoz\u00e1s - H\u00e1ztart\u00e1s Ma<\/title>\n<meta name=\"robots\" content=\"index, follow, max-snippet:-1, max-image-preview:large, max-video-preview:-1\" \/>\n<link rel=\"canonical\" href=\"https:\/\/www.haztartas-ma.hu\/index.php\/sikeres-leiratkozas\/\" \/>\n<meta property=\"og:locale\" content=\"hu_HU\" \/>\n<meta property=\"og:type\" content=\"article\" \/>\n<meta property=\"og:title\" content=\"Sikeres leiratkoz\u00e1s - H\u00e1ztart\u00e1s Ma\" \/>\n<meta property=\"og:description\" content=\"Az adatokat a rendszer t\u00f6r\u00f6lte, t\u00f6bb levelet nem fogok k\u00fcldeni. K\u00f6sz\u00f6n\u00f6m az eddigi figyelmet! &nbsp;\" \/>\n<meta property=\"og:url\" content=\"https:\/\/www.haztartas-ma.hu\/index.php\/sikeres-leiratkozas\/\" \/>\n<meta property=\"og:site_name\" content=\"H\u00e1ztart\u00e1s Ma\" \/>\n<meta property=\"article:modified_time\" content=\"2018-01-11T05:15:26+00:00\" \/>\n<script type=\"application\/ld+json\" class=\"yoast-schema-graph\">{\"@context\":\"https:\/\/schema.org\",\"@graph\":[{\"@type\":\"WebPage\",\"@id\":\"https:\/\/www.haztartas-ma.hu\/index.php\/sikeres-leiratkozas\/\",\"url\":\"https:\/\/www.haztartas-ma.hu\/index.php\/sikeres-leiratkozas\/\",\"name\":\"Sikeres leiratkoz\u00e1s - H\u00e1ztart\u00e1s Ma\",\"isPartOf\":{\"@id\":\"https:\/\/www.haztartas-ma.hu\/#website\"},\"datePublished\":\"2018-01-09T18:24:15+00:00\",\"dateModified\":\"2018-01-11T05:15:26+00:00\",\"breadcrumb\":{\"@id\":\"https:\/\/www.haztartas-ma.hu\/index.php\/sikeres-leiratkozas\/#breadcrumb\"},\"inLanguage\":\"hu\",\"potentialAction\":[{\"@type\":\"ReadAction\",\"target\":[\"https:\/\/www.haztartas-ma.hu\/index.php\/sikeres-leiratkozas\/\"]}]},{\"@type\":\"BreadcrumbList\",\"@id\":\"https:\/\/www.haztartas-ma.hu\/index.php\/sikeres-leiratkozas\/#breadcrumb\",\"itemListElement\":[{\"@type\":\"ListItem\",\"position\":1,\"name\":\"Home\",\"item\":\"https:\/\/www.haztartas-ma.hu\/\"},{\"@type\":\"ListItem\",\"position\":2,\"name\":\"Sikeres leiratkoz\u00e1s\"}]},{\"@type\":\"WebSite\",\"@id\":\"https:\/\/www.haztartas-ma.hu\/#website\",\"url\":\"https:\/\/www.haztartas-ma.hu\/\",\"name\":\"H\u00e1ztart\u00e1s Ma\",\"description\":\"Egyszer\u0171 \u00e9telek, receptek, bef\u0151z\u00e9s, h\u00e1zi praktik\u00e1k\",\"potentialAction\":[{\"@type\":\"SearchAction\",\"target\":{\"@type\":\"EntryPoint\",\"urlTemplate\":\"https:\/\/www.haztartas-ma.hu\/?s={search_term_string}\"},\"query-input\":{\"@type\":\"PropertyValueSpecification\",\"valueRequired\":true,\"valueName\":\"search_term_string\"}}],\"inLanguage\":\"hu\"}]}<\/script>\n<!-- \/ Yoast SEO plugin. -->","yoast_head_json":{"title":"Sikeres leiratkoz\u00e1s - H\u00e1ztart\u00e1s Ma","robots":{"index":"index","follow":"follow","max-snippet":"max-snippet:-1","max-image-preview":"max-image-preview:large","max-video-preview":"max-video-preview:-1"},"canonical":"https:\/\/www.haztartas-ma.hu\/index.php\/sikeres-leiratkozas\/","og_locale":"hu_HU","og_type":"article","og_title":"Sikeres leiratkoz\u00e1s - H\u00e1ztart\u00e1s Ma","og_description":"Az adatokat a rendszer t\u00f6r\u00f6lte, t\u00f6bb levelet nem fogok k\u00fcldeni. K\u00f6sz\u00f6n\u00f6m az eddigi figyelmet! &nbsp;","og_url":"https:\/\/www.haztartas-ma.hu\/index.php\/sikeres-leiratkozas\/","og_site_name":"H\u00e1ztart\u00e1s Ma","article_modified_time":"2018-01-11T05:15:26+00:00","schema":{"@context":"https:\/\/schema.org","@graph":[{"@type":"WebPage","@id":"https:\/\/www.haztartas-ma.hu\/index.php\/sikeres-leiratkozas\/","url":"https:\/\/www.haztartas-ma.hu\/index.php\/sikeres-leiratkozas\/","name":"Sikeres leiratkoz\u00e1s - H\u00e1ztart\u00e1s Ma","isPartOf":{"@id":"https:\/\/www.haztartas-ma.hu\/#website"},"datePublished":"2018-01-09T18:24:15+00:00","dateModified":"2018-01-11T05:15:26+00:00","breadcrumb":{"@id":"https:\/\/www.haztartas-ma.hu\/index.php\/sikeres-leiratkozas\/#breadcrumb"},"inLanguage":"hu","potentialAction":[{"@type":"ReadAction","target":["https:\/\/www.haztartas-ma.hu\/index.php\/sikeres-leiratkozas\/"]}]},{"@type":"BreadcrumbList","@id":"https:\/\/www.haztartas-ma.hu\/index.php\/sikeres-leiratkozas\/#breadcrumb","itemListElement":[{"@type":"ListItem","position":1,"name":"Home","item":"https:\/\/www.haztartas-ma.hu\/"},{"@type":"ListItem","position":2,"name":"Sikeres leiratkoz\u00e1s"}]},{"@type":"WebSite","@id":"https:\/\/www.haztartas-ma.hu\/#website","url":"https:\/\/www.haztartas-ma.hu\/","name":"H\u00e1ztart\u00e1s Ma","description":"Egyszer\u0171 \u00e9telek, receptek, bef\u0151z\u00e9s, h\u00e1zi praktik\u00e1k","potentialAction":[{"@type":"SearchAction","target":{"@type":"EntryPoint","urlTemplate":"https:\/\/www.haztartas-ma.hu\/?s={search_term_string}"},"query-input":{"@type":"PropertyValueSpecification","valueRequired":true,"valueName":"search_term_string"}}],"inLanguage":"hu"}]}},"jetpack_sharing_enabled":true,"_links":{"self":[{"href":"https:\/\/www.haztartas-ma.hu\/index.php\/wp-json\/wp\/v2\/pages\/19319","targetHints":{"allow":["GET"]}}],"collection":[{"href":"https:\/\/www.haztartas-ma.hu\/index.php\/wp-json\/wp\/v2\/pages"}],"about":[{"href":"https:\/\/www.haztartas-ma.hu\/index.php\/wp-json\/wp\/v2\/types\/page"}],"author":[{"embeddable":true,"href":"https:\/\/www.haztartas-ma.hu\/index.php\/wp-json\/wp\/v2\/users\/27"}],"replies":[{"embeddable":true,"href":"https:\/\/www.haztartas-ma.hu\/index.php\/wp-json\/wp\/v2\/comments?post=19319"}],"version-history":[{"count":0,"href":"https:\/\/www.haztartas-ma.hu\/index.php\/wp-json\/wp\/v2\/pages\/19319\/revisions"}],"wp:attachment":[{"href":"https:\/\/www.haztartas-ma.hu\/index.php\/wp-json\/wp\/v2\/media?parent=19319"}],"curies":[{"name":"wp","href":"https:\/\/api.w.org\/{rel}","templated":true}]}}