{"id":19313,"date":"2018-01-09T19:17:57","date_gmt":"2018-01-09T18:17:57","guid":{"rendered":"http:\/\/www.haztartas-ma.hu\/?page_id=19313"},"modified":"2018-11-22T17:05:16","modified_gmt":"2018-11-22T16:05:16","slug":"feliratkozas-megerositese","status":"publish","type":"page","link":"https:\/\/www.haztartas-ma.hu\/index.php\/feliratkozas-megerositese\/","title":{"rendered":"Feliratkoz\u00e1s\/megrendel\u00e9s meger\u0151s\u00edt\u00e9se"},"content":{"rendered":"<p><strong>K\u00f6sz\u00f6n\u00f6m a feliratkoz\u00e1st\/megrendel\u00e9st!<\/strong><\/p>\n<p>M\u00e1r csak egyetlen l\u00e9p\u00e9s van h\u00e1tra: <strong>k\u00fcldtem egy levelet<\/strong> a megadott e-mail c\u00ed\u00admre. Abban van egy link, amelyre <strong>r\u00e1 kell kattintani<\/strong> a feliratkoz\u00e1s illetve megrendel\u00e9s meger\u0151s\u00ed\u00adt\u00e9s\u00e9hez, nehogy valaki m\u00e1s pr\u00f3b\u00e1ljon ezzel az e-mail c\u00ed\u00admmel int\u00e9zkedni helyetted.<\/p>\n<p><span style=\"color: #ff0000;\"><strong><em>Freemail, citromail?<\/em><\/strong><\/span> Lehet, hogy nem fogod megkapni a levelemet! N\u00e9zd meg a spam-mapp\u00e1dat, \u00e9s ha ott sem tal\u00e1lod, akkor k\u00e9rlek, iratkozz fel egy m\u00e1sik e-mail c\u00ed\u00admmel. (N\u00e9ha sajnos m\u00e9g a GMail is spambe k\u00fcldi&#8230;)<\/p>\n<p><span style=\"color: #ff0000;\"><em><strong>Nem kapt\u00e1l t\u0151lem semmit?<\/strong><\/em><\/span> Ha egy \u00f3r\u00e1n bel\u00fcl nem kapod meg a levelet a linkkel, akkor val\u00f3sz\u00ed\u00adn\u0171leg elg\u00e9pelted az e-mail c\u00ed\u00admedet; ez esetben k\u00e9rlek, t\u00f6ltsd ki \u00fajra az \u0171rlapot.<\/p>\n","protected":false},"excerpt":{"rendered":"<p>K\u00f6sz\u00f6n\u00f6m a feliratkoz\u00e1st\/megrendel\u00e9st! M\u00e1r csak egyetlen l\u00e9p\u00e9s van h\u00e1tra: k\u00fcldtem egy levelet a megadott e-mail c\u00ed\u00admre. Abban van egy link, amelyre r\u00e1 kell kattintani a feliratkoz\u00e1s illetve megrendel\u00e9s meger\u0151s\u00ed\u00adt\u00e9s\u00e9hez, nehogy valaki m\u00e1s pr\u00f3b\u00e1ljon ezzel az e-mail c\u00ed\u00admmel int\u00e9zkedni helyetted. Freemail, citromail? Lehet, hogy nem fogod megkapni a levelemet! N\u00e9zd meg a spam-mapp\u00e1dat, \u00e9s ha ott [&hellip;]<\/p>\n","protected":false},"author":27,"featured_media":0,"parent":0,"menu_order":93,"comment_status":"closed","ping_status":"closed","template":"page-sales.php","meta":{"_et_pb_use_builder":"","_et_pb_old_content":"","_et_gb_content_width":"","footnotes":"","_wp_rev_ctl_limit":""},"class_list":["post-19313","page","type-page","status-publish","hentry"],"yoast_head":"<!-- This site is optimized with the Yoast SEO plugin v27.1.1 - https:\/\/yoast.com\/product\/yoast-seo-wordpress\/ -->\n<title>Feliratkoz\u00e1s\/megrendel\u00e9s meger\u0151s\u00edt\u00e9se - H\u00e1ztart\u00e1s Ma<\/title>\n<meta name=\"robots\" content=\"index, follow, max-snippet:-1, max-image-preview:large, max-video-preview:-1\" \/>\n<link rel=\"canonical\" href=\"https:\/\/www.haztartas-ma.hu\/index.php\/feliratkozas-megerositese\/\" \/>\n<meta property=\"og:locale\" content=\"hu_HU\" \/>\n<meta property=\"og:type\" content=\"article\" \/>\n<meta property=\"og:title\" content=\"Feliratkoz\u00e1s\/megrendel\u00e9s meger\u0151s\u00edt\u00e9se - H\u00e1ztart\u00e1s Ma\" \/>\n<meta property=\"og:description\" content=\"K\u00f6sz\u00f6n\u00f6m a feliratkoz\u00e1st\/megrendel\u00e9st! M\u00e1r csak egyetlen l\u00e9p\u00e9s van h\u00e1tra: k\u00fcldtem egy levelet a megadott e-mail c\u00ed\u00admre. Abban van egy link, amelyre r\u00e1 kell kattintani a feliratkoz\u00e1s illetve megrendel\u00e9s meger\u0151s\u00ed\u00adt\u00e9s\u00e9hez, nehogy valaki m\u00e1s pr\u00f3b\u00e1ljon ezzel az e-mail c\u00ed\u00admmel int\u00e9zkedni helyetted. Freemail, citromail? Lehet, hogy nem fogod megkapni a levelemet! N\u00e9zd meg a spam-mapp\u00e1dat, \u00e9s ha ott [&hellip;]\" \/>\n<meta property=\"og:url\" content=\"https:\/\/www.haztartas-ma.hu\/index.php\/feliratkozas-megerositese\/\" \/>\n<meta property=\"og:site_name\" content=\"H\u00e1ztart\u00e1s Ma\" \/>\n<meta property=\"article:modified_time\" content=\"2018-11-22T16:05:16+00:00\" \/>\n<meta name=\"twitter:label1\" content=\"Becs\u00fclt olvas\u00e1si id\u0151\" \/>\n\t<meta name=\"twitter:data1\" content=\"1 perc\" \/>\n<script type=\"application\/ld+json\" class=\"yoast-schema-graph\">{\"@context\":\"https:\/\/schema.org\",\"@graph\":[{\"@type\":\"WebPage\",\"@id\":\"https:\/\/www.haztartas-ma.hu\/index.php\/feliratkozas-megerositese\/\",\"url\":\"https:\/\/www.haztartas-ma.hu\/index.php\/feliratkozas-megerositese\/\",\"name\":\"Feliratkoz\u00e1s\/megrendel\u00e9s meger\u0151s\u00edt\u00e9se - H\u00e1ztart\u00e1s Ma\",\"isPartOf\":{\"@id\":\"https:\/\/www.haztartas-ma.hu\/#website\"},\"datePublished\":\"2018-01-09T18:17:57+00:00\",\"dateModified\":\"2018-11-22T16:05:16+00:00\",\"breadcrumb\":{\"@id\":\"https:\/\/www.haztartas-ma.hu\/index.php\/feliratkozas-megerositese\/#breadcrumb\"},\"inLanguage\":\"hu\",\"potentialAction\":[{\"@type\":\"ReadAction\",\"target\":[\"https:\/\/www.haztartas-ma.hu\/index.php\/feliratkozas-megerositese\/\"]}]},{\"@type\":\"BreadcrumbList\",\"@id\":\"https:\/\/www.haztartas-ma.hu\/index.php\/feliratkozas-megerositese\/#breadcrumb\",\"itemListElement\":[{\"@type\":\"ListItem\",\"position\":1,\"name\":\"Home\",\"item\":\"https:\/\/www.haztartas-ma.hu\/\"},{\"@type\":\"ListItem\",\"position\":2,\"name\":\"Feliratkoz\u00e1s\/megrendel\u00e9s meger\u0151s\u00edt\u00e9se\"}]},{\"@type\":\"WebSite\",\"@id\":\"https:\/\/www.haztartas-ma.hu\/#website\",\"url\":\"https:\/\/www.haztartas-ma.hu\/\",\"name\":\"H\u00e1ztart\u00e1s Ma\",\"description\":\"Egyszer\u0171 \u00e9telek, receptek, bef\u0151z\u00e9s, h\u00e1zi praktik\u00e1k\",\"potentialAction\":[{\"@type\":\"SearchAction\",\"target\":{\"@type\":\"EntryPoint\",\"urlTemplate\":\"https:\/\/www.haztartas-ma.hu\/?s={search_term_string}\"},\"query-input\":{\"@type\":\"PropertyValueSpecification\",\"valueRequired\":true,\"valueName\":\"search_term_string\"}}],\"inLanguage\":\"hu\"}]}<\/script>\n<!-- \/ Yoast SEO plugin. -->","yoast_head_json":{"title":"Feliratkoz\u00e1s\/megrendel\u00e9s meger\u0151s\u00edt\u00e9se - H\u00e1ztart\u00e1s Ma","robots":{"index":"index","follow":"follow","max-snippet":"max-snippet:-1","max-image-preview":"max-image-preview:large","max-video-preview":"max-video-preview:-1"},"canonical":"https:\/\/www.haztartas-ma.hu\/index.php\/feliratkozas-megerositese\/","og_locale":"hu_HU","og_type":"article","og_title":"Feliratkoz\u00e1s\/megrendel\u00e9s meger\u0151s\u00edt\u00e9se - H\u00e1ztart\u00e1s Ma","og_description":"K\u00f6sz\u00f6n\u00f6m a feliratkoz\u00e1st\/megrendel\u00e9st! M\u00e1r csak egyetlen l\u00e9p\u00e9s van h\u00e1tra: k\u00fcldtem egy levelet a megadott e-mail c\u00ed\u00admre. Abban van egy link, amelyre r\u00e1 kell kattintani a feliratkoz\u00e1s illetve megrendel\u00e9s meger\u0151s\u00ed\u00adt\u00e9s\u00e9hez, nehogy valaki m\u00e1s pr\u00f3b\u00e1ljon ezzel az e-mail c\u00ed\u00admmel int\u00e9zkedni helyetted. Freemail, citromail? Lehet, hogy nem fogod megkapni a levelemet! N\u00e9zd meg a spam-mapp\u00e1dat, \u00e9s ha ott [&hellip;]","og_url":"https:\/\/www.haztartas-ma.hu\/index.php\/feliratkozas-megerositese\/","og_site_name":"H\u00e1ztart\u00e1s Ma","article_modified_time":"2018-11-22T16:05:16+00:00","twitter_misc":{"Becs\u00fclt olvas\u00e1si id\u0151":"1 perc"},"schema":{"@context":"https:\/\/schema.org","@graph":[{"@type":"WebPage","@id":"https:\/\/www.haztartas-ma.hu\/index.php\/feliratkozas-megerositese\/","url":"https:\/\/www.haztartas-ma.hu\/index.php\/feliratkozas-megerositese\/","name":"Feliratkoz\u00e1s\/megrendel\u00e9s meger\u0151s\u00edt\u00e9se - H\u00e1ztart\u00e1s Ma","isPartOf":{"@id":"https:\/\/www.haztartas-ma.hu\/#website"},"datePublished":"2018-01-09T18:17:57+00:00","dateModified":"2018-11-22T16:05:16+00:00","breadcrumb":{"@id":"https:\/\/www.haztartas-ma.hu\/index.php\/feliratkozas-megerositese\/#breadcrumb"},"inLanguage":"hu","potentialAction":[{"@type":"ReadAction","target":["https:\/\/www.haztartas-ma.hu\/index.php\/feliratkozas-megerositese\/"]}]},{"@type":"BreadcrumbList","@id":"https:\/\/www.haztartas-ma.hu\/index.php\/feliratkozas-megerositese\/#breadcrumb","itemListElement":[{"@type":"ListItem","position":1,"name":"Home","item":"https:\/\/www.haztartas-ma.hu\/"},{"@type":"ListItem","position":2,"name":"Feliratkoz\u00e1s\/megrendel\u00e9s meger\u0151s\u00edt\u00e9se"}]},{"@type":"WebSite","@id":"https:\/\/www.haztartas-ma.hu\/#website","url":"https:\/\/www.haztartas-ma.hu\/","name":"H\u00e1ztart\u00e1s Ma","description":"Egyszer\u0171 \u00e9telek, receptek, bef\u0151z\u00e9s, h\u00e1zi praktik\u00e1k","potentialAction":[{"@type":"SearchAction","target":{"@type":"EntryPoint","urlTemplate":"https:\/\/www.haztartas-ma.hu\/?s={search_term_string}"},"query-input":{"@type":"PropertyValueSpecification","valueRequired":true,"valueName":"search_term_string"}}],"inLanguage":"hu"}]}},"jetpack_sharing_enabled":true,"_links":{"self":[{"href":"https:\/\/www.haztartas-ma.hu\/index.php\/wp-json\/wp\/v2\/pages\/19313","targetHints":{"allow":["GET"]}}],"collection":[{"href":"https:\/\/www.haztartas-ma.hu\/index.php\/wp-json\/wp\/v2\/pages"}],"about":[{"href":"https:\/\/www.haztartas-ma.hu\/index.php\/wp-json\/wp\/v2\/types\/page"}],"author":[{"embeddable":true,"href":"https:\/\/www.haztartas-ma.hu\/index.php\/wp-json\/wp\/v2\/users\/27"}],"replies":[{"embeddable":true,"href":"https:\/\/www.haztartas-ma.hu\/index.php\/wp-json\/wp\/v2\/comments?post=19313"}],"version-history":[{"count":0,"href":"https:\/\/www.haztartas-ma.hu\/index.php\/wp-json\/wp\/v2\/pages\/19313\/revisions"}],"wp:attachment":[{"href":"https:\/\/www.haztartas-ma.hu\/index.php\/wp-json\/wp\/v2\/media?parent=19313"}],"curies":[{"name":"wp","href":"https:\/\/api.w.org\/{rel}","templated":true}]}}