{"id":101,"date":"2010-03-30T16:29:14","date_gmt":"2010-03-30T14:29:14","guid":{"rendered":"http:\/\/www.haztartas-ma.hu\/?page_id=101"},"modified":"2018-12-19T18:12:11","modified_gmt":"2018-12-19T17:12:11","slug":"ceg-es-partnerek","status":"publish","type":"page","link":"https:\/\/www.haztartas-ma.hu\/index.php\/ceg-es-partnerek\/","title":{"rendered":"C\u00e9g \u00e9s partnerek"},"content":{"rendered":"<p>&nbsp;<\/p>\n<p><strong>A honlap tulajdonosa \u00e9s \u00fczemeltet\u0151je:<\/strong><\/p>\n<p><strong>EUV\u00c1L Kft<\/strong><\/p>\n<p>1016 Budapest, Naphegy t\u00e9r 6\/b.<\/p>\n<p>e-mail c\u00edm: pap[.]zsuzsa[@]haztartas-ma[.]hu<\/p>\n<p>Ad\u00f3sz\u00e1m: 24322524-2-41<\/p>\n<p>C\u00e9gjegyz\u00e9ksz\u00e1m: 01-09-172053<\/p>\n<p>Kamarai tags\u00e1g: Budapesti Kereskedelmi \u00e9s Iparkamara<\/p>\n<p>\u00dcgyvezet\u0151:<\/p>\n<p>Pap Andr\u00e1sn\u00e9 (Pap Zsuzsa)<\/p>\n<p>V\u00e9gzetts\u00e9gei:<\/p>\n<ul>\n<li>okleveles vegy\u00e9szm\u00e9rn\u00f6k (BME)<\/li>\n<li>marketing- \u00e9s kereskedelmi menedzser (EDE Hungary)<\/li>\n<\/ul>\n<p>Telefonsz\u00e1m: \u00a0+36-30-9001823<\/p>\n<p><strong>Lev\u00e9l \u00fczenetet Pap Zsuzs\u00e1nak itt hagyhatsz:\u00a0<\/strong><\/p>\n<p>pap [.] zsuzsa [@] haztartas-ma [.] hu<\/p>\n<p><em>(Bocs\u00e1nat, ez sz\u00e1nd\u00e9kosan nem kattinthat\u00f3, a spamek miatt.)<\/em><\/p>\n<p>&nbsp;<\/p>\n<p>T\u00e1rhelyszolg\u00e1ltat\u00f3:<\/p>\n<p><strong>ProfiT\u00e1rhely Kft.<\/strong><\/p>\n<p>Sz\u00e9khely: Kecskem\u00e9t, Liszt Ferenc utca 17\/b. III\/10.<\/p>\n<p>\u00dcgyf\u00e9lszolg\u00e1lat:<\/p>\n<p>Tel.: +36 20 254 0866<br \/>\nFax.: +36 76 998 344<br \/>\nugyfelszolgalat@profitarhely.hu<\/p>\n<p>&nbsp;<\/p>\n<p><strong>Partnerek:<\/strong><\/p>\n<p><strong>IMAMI<\/strong><\/p>\n<p>az anyuk\u00e1k \u00e9s kismam\u00e1k helyi internetes oldalai<\/p>\n<p><a title=\"Imami\" href=\"https:\/\/www.imami.hu\/\" target=\"_blank\">www.imami.hu<\/a><\/p>\n<p><a href=\"https:\/\/www.haztartas-ma.hu\/wp-content\/uploads\/2010\/11\/imamihu_120x240-gif-anim.gif\"><img loading=\"lazy\" decoding=\"async\" class=\"alignleft size-full wp-image-4582\" title=\"imamihu_120x240 gif anim\" src=\"https:\/\/www.haztartas-ma.hu\/wp-content\/uploads\/2010\/11\/imamihu_120x240-gif-anim.gif\" alt=\"\" width=\"120\" height=\"240\" \/><\/a><\/p>\n<p>&nbsp;<\/p>\n","protected":false},"excerpt":{"rendered":"<p>&nbsp; A honlap tulajdonosa \u00e9s \u00fczemeltet\u0151je: EUV\u00c1L Kft 1016 Budapest, Naphegy t\u00e9r 6\/b. e-mail c\u00edm: pap[.]zsuzsa[@]haztartas-ma[.]hu Ad\u00f3sz\u00e1m: 24322524-2-41 C\u00e9gjegyz\u00e9ksz\u00e1m: 01-09-172053 Kamarai tags\u00e1g: Budapesti Kereskedelmi \u00e9s Iparkamara \u00dcgyvezet\u0151: Pap Andr\u00e1sn\u00e9 (Pap Zsuzsa) V\u00e9gzetts\u00e9gei: okleveles vegy\u00e9szm\u00e9rn\u00f6k (BME) marketing- \u00e9s kereskedelmi menedzser (EDE Hungary) Telefonsz\u00e1m: \u00a0+36-30-9001823 Lev\u00e9l \u00fczenetet Pap Zsuzs\u00e1nak itt hagyhatsz:\u00a0 pap [.] zsuzsa [@] haztartas-ma [.] [&hellip;]<\/p>\n","protected":false},"author":171,"featured_media":0,"parent":0,"menu_order":4,"comment_status":"closed","ping_status":"closed","template":"","meta":{"_et_pb_use_builder":"","_et_pb_old_content":"","_et_gb_content_width":"","footnotes":"","_wp_rev_ctl_limit":""},"class_list":["post-101","page","type-page","status-publish","hentry"],"yoast_head":"<!-- This site is optimized with the Yoast SEO plugin v27.1.1 - https:\/\/yoast.com\/product\/yoast-seo-wordpress\/ -->\n<title>C\u00e9g \u00e9s partnerek - H\u00e1ztart\u00e1s Ma<\/title>\n<meta name=\"robots\" content=\"index, follow, max-snippet:-1, max-image-preview:large, max-video-preview:-1\" \/>\n<link rel=\"canonical\" href=\"https:\/\/www.haztartas-ma.hu\/index.php\/ceg-es-partnerek\/\" \/>\n<meta property=\"og:locale\" content=\"hu_HU\" \/>\n<meta property=\"og:type\" content=\"article\" \/>\n<meta property=\"og:title\" content=\"C\u00e9g \u00e9s partnerek - H\u00e1ztart\u00e1s Ma\" \/>\n<meta property=\"og:description\" content=\"&nbsp; A honlap tulajdonosa \u00e9s \u00fczemeltet\u0151je: EUV\u00c1L Kft 1016 Budapest, Naphegy t\u00e9r 6\/b. e-mail c\u00edm: pap[.]zsuzsa[@]haztartas-ma[.]hu Ad\u00f3sz\u00e1m: 24322524-2-41 C\u00e9gjegyz\u00e9ksz\u00e1m: 01-09-172053 Kamarai tags\u00e1g: Budapesti Kereskedelmi \u00e9s Iparkamara \u00dcgyvezet\u0151: Pap Andr\u00e1sn\u00e9 (Pap Zsuzsa) V\u00e9gzetts\u00e9gei: okleveles vegy\u00e9szm\u00e9rn\u00f6k (BME) marketing- \u00e9s kereskedelmi menedzser (EDE Hungary) Telefonsz\u00e1m: \u00a0+36-30-9001823 Lev\u00e9l \u00fczenetet Pap Zsuzs\u00e1nak itt hagyhatsz:\u00a0 pap [.] zsuzsa [@] haztartas-ma [.] [&hellip;]\" \/>\n<meta property=\"og:url\" content=\"https:\/\/www.haztartas-ma.hu\/index.php\/ceg-es-partnerek\/\" \/>\n<meta property=\"og:site_name\" content=\"H\u00e1ztart\u00e1s Ma\" \/>\n<meta property=\"article:modified_time\" content=\"2018-12-19T17:12:11+00:00\" \/>\n<meta property=\"og:image\" content=\"https:\/\/www.haztartas-ma.hu\/wp-content\/uploads\/2010\/11\/imamihu_120x240-gif-anim.gif\" \/>\n<meta name=\"twitter:label1\" content=\"Becs\u00fclt olvas\u00e1si id\u0151\" \/>\n\t<meta name=\"twitter:data1\" content=\"1 perc\" \/>\n<script type=\"application\/ld+json\" class=\"yoast-schema-graph\">{\"@context\":\"https:\/\/schema.org\",\"@graph\":[{\"@type\":\"WebPage\",\"@id\":\"https:\/\/www.haztartas-ma.hu\/index.php\/ceg-es-partnerek\/\",\"url\":\"https:\/\/www.haztartas-ma.hu\/index.php\/ceg-es-partnerek\/\",\"name\":\"C\u00e9g \u00e9s partnerek - H\u00e1ztart\u00e1s Ma\",\"isPartOf\":{\"@id\":\"https:\/\/www.haztartas-ma.hu\/#website\"},\"primaryImageOfPage\":{\"@id\":\"https:\/\/www.haztartas-ma.hu\/index.php\/ceg-es-partnerek\/#primaryimage\"},\"image\":{\"@id\":\"https:\/\/www.haztartas-ma.hu\/index.php\/ceg-es-partnerek\/#primaryimage\"},\"thumbnailUrl\":\"https:\/\/www.haztartas-ma.hu\/wp-content\/uploads\/2010\/11\/imamihu_120x240-gif-anim.gif\",\"datePublished\":\"2010-03-30T14:29:14+00:00\",\"dateModified\":\"2018-12-19T17:12:11+00:00\",\"breadcrumb\":{\"@id\":\"https:\/\/www.haztartas-ma.hu\/index.php\/ceg-es-partnerek\/#breadcrumb\"},\"inLanguage\":\"hu\",\"potentialAction\":[{\"@type\":\"ReadAction\",\"target\":[\"https:\/\/www.haztartas-ma.hu\/index.php\/ceg-es-partnerek\/\"]}]},{\"@type\":\"ImageObject\",\"inLanguage\":\"hu\",\"@id\":\"https:\/\/www.haztartas-ma.hu\/index.php\/ceg-es-partnerek\/#primaryimage\",\"url\":\"https:\/\/www.haztartas-ma.hu\/wp-content\/uploads\/2010\/11\/imamihu_120x240-gif-anim.gif\",\"contentUrl\":\"https:\/\/www.haztartas-ma.hu\/wp-content\/uploads\/2010\/11\/imamihu_120x240-gif-anim.gif\"},{\"@type\":\"BreadcrumbList\",\"@id\":\"https:\/\/www.haztartas-ma.hu\/index.php\/ceg-es-partnerek\/#breadcrumb\",\"itemListElement\":[{\"@type\":\"ListItem\",\"position\":1,\"name\":\"Home\",\"item\":\"https:\/\/www.haztartas-ma.hu\/\"},{\"@type\":\"ListItem\",\"position\":2,\"name\":\"C\u00e9g \u00e9s partnerek\"}]},{\"@type\":\"WebSite\",\"@id\":\"https:\/\/www.haztartas-ma.hu\/#website\",\"url\":\"https:\/\/www.haztartas-ma.hu\/\",\"name\":\"H\u00e1ztart\u00e1s Ma\",\"description\":\"Egyszer\u0171 \u00e9telek, receptek, bef\u0151z\u00e9s, h\u00e1zi praktik\u00e1k\",\"potentialAction\":[{\"@type\":\"SearchAction\",\"target\":{\"@type\":\"EntryPoint\",\"urlTemplate\":\"https:\/\/www.haztartas-ma.hu\/?s={search_term_string}\"},\"query-input\":{\"@type\":\"PropertyValueSpecification\",\"valueRequired\":true,\"valueName\":\"search_term_string\"}}],\"inLanguage\":\"hu\"}]}<\/script>\n<!-- \/ Yoast SEO plugin. -->","yoast_head_json":{"title":"C\u00e9g \u00e9s partnerek - H\u00e1ztart\u00e1s Ma","robots":{"index":"index","follow":"follow","max-snippet":"max-snippet:-1","max-image-preview":"max-image-preview:large","max-video-preview":"max-video-preview:-1"},"canonical":"https:\/\/www.haztartas-ma.hu\/index.php\/ceg-es-partnerek\/","og_locale":"hu_HU","og_type":"article","og_title":"C\u00e9g \u00e9s partnerek - H\u00e1ztart\u00e1s Ma","og_description":"&nbsp; A honlap tulajdonosa \u00e9s \u00fczemeltet\u0151je: EUV\u00c1L Kft 1016 Budapest, Naphegy t\u00e9r 6\/b. e-mail c\u00edm: pap[.]zsuzsa[@]haztartas-ma[.]hu Ad\u00f3sz\u00e1m: 24322524-2-41 C\u00e9gjegyz\u00e9ksz\u00e1m: 01-09-172053 Kamarai tags\u00e1g: Budapesti Kereskedelmi \u00e9s Iparkamara \u00dcgyvezet\u0151: Pap Andr\u00e1sn\u00e9 (Pap Zsuzsa) V\u00e9gzetts\u00e9gei: okleveles vegy\u00e9szm\u00e9rn\u00f6k (BME) marketing- \u00e9s kereskedelmi menedzser (EDE Hungary) Telefonsz\u00e1m: \u00a0+36-30-9001823 Lev\u00e9l \u00fczenetet Pap Zsuzs\u00e1nak itt hagyhatsz:\u00a0 pap [.] zsuzsa [@] haztartas-ma [.] [&hellip;]","og_url":"https:\/\/www.haztartas-ma.hu\/index.php\/ceg-es-partnerek\/","og_site_name":"H\u00e1ztart\u00e1s Ma","article_modified_time":"2018-12-19T17:12:11+00:00","og_image":[{"url":"https:\/\/www.haztartas-ma.hu\/wp-content\/uploads\/2010\/11\/imamihu_120x240-gif-anim.gif","type":"","width":"","height":""}],"twitter_misc":{"Becs\u00fclt olvas\u00e1si id\u0151":"1 perc"},"schema":{"@context":"https:\/\/schema.org","@graph":[{"@type":"WebPage","@id":"https:\/\/www.haztartas-ma.hu\/index.php\/ceg-es-partnerek\/","url":"https:\/\/www.haztartas-ma.hu\/index.php\/ceg-es-partnerek\/","name":"C\u00e9g \u00e9s partnerek - H\u00e1ztart\u00e1s Ma","isPartOf":{"@id":"https:\/\/www.haztartas-ma.hu\/#website"},"primaryImageOfPage":{"@id":"https:\/\/www.haztartas-ma.hu\/index.php\/ceg-es-partnerek\/#primaryimage"},"image":{"@id":"https:\/\/www.haztartas-ma.hu\/index.php\/ceg-es-partnerek\/#primaryimage"},"thumbnailUrl":"https:\/\/www.haztartas-ma.hu\/wp-content\/uploads\/2010\/11\/imamihu_120x240-gif-anim.gif","datePublished":"2010-03-30T14:29:14+00:00","dateModified":"2018-12-19T17:12:11+00:00","breadcrumb":{"@id":"https:\/\/www.haztartas-ma.hu\/index.php\/ceg-es-partnerek\/#breadcrumb"},"inLanguage":"hu","potentialAction":[{"@type":"ReadAction","target":["https:\/\/www.haztartas-ma.hu\/index.php\/ceg-es-partnerek\/"]}]},{"@type":"ImageObject","inLanguage":"hu","@id":"https:\/\/www.haztartas-ma.hu\/index.php\/ceg-es-partnerek\/#primaryimage","url":"https:\/\/www.haztartas-ma.hu\/wp-content\/uploads\/2010\/11\/imamihu_120x240-gif-anim.gif","contentUrl":"https:\/\/www.haztartas-ma.hu\/wp-content\/uploads\/2010\/11\/imamihu_120x240-gif-anim.gif"},{"@type":"BreadcrumbList","@id":"https:\/\/www.haztartas-ma.hu\/index.php\/ceg-es-partnerek\/#breadcrumb","itemListElement":[{"@type":"ListItem","position":1,"name":"Home","item":"https:\/\/www.haztartas-ma.hu\/"},{"@type":"ListItem","position":2,"name":"C\u00e9g \u00e9s partnerek"}]},{"@type":"WebSite","@id":"https:\/\/www.haztartas-ma.hu\/#website","url":"https:\/\/www.haztartas-ma.hu\/","name":"H\u00e1ztart\u00e1s Ma","description":"Egyszer\u0171 \u00e9telek, receptek, bef\u0151z\u00e9s, h\u00e1zi praktik\u00e1k","potentialAction":[{"@type":"SearchAction","target":{"@type":"EntryPoint","urlTemplate":"https:\/\/www.haztartas-ma.hu\/?s={search_term_string}"},"query-input":{"@type":"PropertyValueSpecification","valueRequired":true,"valueName":"search_term_string"}}],"inLanguage":"hu"}]}},"jetpack_sharing_enabled":true,"_links":{"self":[{"href":"https:\/\/www.haztartas-ma.hu\/index.php\/wp-json\/wp\/v2\/pages\/101","targetHints":{"allow":["GET"]}}],"collection":[{"href":"https:\/\/www.haztartas-ma.hu\/index.php\/wp-json\/wp\/v2\/pages"}],"about":[{"href":"https:\/\/www.haztartas-ma.hu\/index.php\/wp-json\/wp\/v2\/types\/page"}],"author":[{"embeddable":true,"href":"https:\/\/www.haztartas-ma.hu\/index.php\/wp-json\/wp\/v2\/users\/171"}],"replies":[{"embeddable":true,"href":"https:\/\/www.haztartas-ma.hu\/index.php\/wp-json\/wp\/v2\/comments?post=101"}],"version-history":[{"count":0,"href":"https:\/\/www.haztartas-ma.hu\/index.php\/wp-json\/wp\/v2\/pages\/101\/revisions"}],"wp:attachment":[{"href":"https:\/\/www.haztartas-ma.hu\/index.php\/wp-json\/wp\/v2\/media?parent=101"}],"curies":[{"name":"wp","href":"https:\/\/api.w.org\/{rel}","templated":true}]}}